{"id":51,"date":"2024-08-23T00:49:48","date_gmt":"2024-08-22T22:49:48","guid":{"rendered":"http:\/\/test2.mundolsheim-badminton.fr\/?page_id=51"},"modified":"2025-09-27T01:28:02","modified_gmt":"2025-09-26T23:28:02","slug":"horaires-planning","status":"publish","type":"page","link":"https:\/\/www.mundolsheim-badminton.fr\/?page_id=51","title":{"rendered":"Cr\u00e9neaux &amp; Planning"},"content":{"rendered":"\n<p>D\u00e9couvrez les cr\u00e9neaux horaires et le planning adapt\u00e9s aux loisirs, comp\u00e9titeurs et jeunes du club<\/p>\n\n\n\n<div class=\"wp-block-buttons is-content-justification-center is-layout-flex wp-container-core-buttons-is-layout-16018d1d wp-block-buttons-is-layout-flex\">\n<div class=\"wp-block-button\"><a class=\"wp-block-button__link has-cyan-bluish-gray-background-color has-background wp-element-button\" href=\"https:\/\/calendar.google.com\/calendar\/embed?height=600&amp;wkst=2&amp;ctz=Europe%2FParis&amp;showPrint=0&amp;showTz=0&amp;showTitle=0&amp;src=d2VibWFzdGVyQG11bmRvbHNoZWltLWJhZG1pbnRvbi5mcg&amp;src=aDJ0bDBlYnFwZ280ajJsYTZybnZwYnJ0NzBAZ3JvdXAuY2FsZW5kYXIuZ29vZ2xlLmNvbQ&amp;src=MDQyMWQ1ODQ1OGRjOTc4NzM0NmUwNDRmM2U1ODgxNjVmZDg5YjU5Nzc0ZDgyZWQxYjkyN2EyOThlMzdhN2NhMEBncm91cC5jYWxlbmRhci5nb29nbGUuY29t&amp;src=NG12NGxzcjFiMW4yazRzY2xkMmMzMWl1MDRAZ3JvdXAuY2FsZW5kYXIuZ29vZ2xlLmNvbQ&amp;src=ZGhsZW4zanVjaXY5bGlwbzI5cnI0aTI0YWtAZ3JvdXAuY2FsZW5kYXIuZ29vZ2xlLmNvbQ&amp;src=Z2YybGV0cWVzNHB1b2lndTFmb2h1dTRtMGtAZ3JvdXAuY2FsZW5kYXIuZ29vZ2xlLmNvbQ&amp;src=aDQxdThkamxrbzIyOG8xaWpkNHNwaWczMWNAZ3JvdXAuY2FsZW5kYXIuZ29vZ2xlLmNvbQ&amp;src=czJxc2FybmFma3JvaTM1cjBpZ3JjZzd0YmtAZ3JvdXAuY2FsZW5kYXIuZ29vZ2xlLmNvbQ&amp;src=MjU3ZmVkZGE5NzdlMjA5YTVkMGFkYWNjZDkzMjdhNDJmMzFhNGIwYzExNDA3ZTIyOGZhZmY0MDM0YjIyMTk4MUBncm91cC5jYWxlbmRhci5nb29nbGUuY29t&amp;src=cnBpOGMxb2gwa3YydXMxdHRqZGgybmhwNWNAZ3JvdXAuY2FsZW5kYXIuZ29vZ2xlLmNvbQ&amp;src=dXV1dG81dWgwdW83dDlyM3ZqOTI3dmhqODRAZ3JvdXAuY2FsZW5kYXIuZ29vZ2xlLmNvbQ&amp;src=c2l0bGp2c2VtZjNqZHBsNnFqMTR1MWtrM2NAZ3JvdXAuY2FsZW5kYXIuZ29vZ2xlLmNvbQ&amp;src=ZzZycTExOWlkNDdyOHRkcjY1OHBlYWNxYmdAZ3JvdXAuY2FsZW5kYXIuZ29vZ2xlLmNvbQ&amp;src=ZGU1YzA2ZzRqazU4MHRubDAzMms0MnE0Y2NAZ3JvdXAuY2FsZW5kYXIuZ29vZ2xlLmNvbQ&amp;src=ZnIuZnJlbmNoI2hvbGlkYXlAZ3JvdXAudi5jYWxlbmRhci5nb29nbGUuY29t&amp;color=%237986cb&amp;color=%23f4511e&amp;color=%23d50000&amp;color=%23616161&amp;color=%23616161&amp;color=%23616161&amp;color=%23616161&amp;color=%23616161&amp;color=%23616161&amp;color=%2333b679&amp;color=%234285f4&amp;color=%23039be5&amp;color=%23e4c441&amp;color=%23616161&amp;color=%23e67c7323E4C441&amp;color=%23E67C73&amp;pli=1\" target=\"_blank\" rel=\"noreferrer noopener\">Affichage difficile ? Cliquez ici<\/a><\/div>\n<\/div>\n\n\n\n<div style=\"height:25px\" aria-hidden=\"true\" class=\"wp-block-spacer\"><\/div>\n\n\n\n<iframe loading=\"lazy\" src=\" https:\/\/calendar.google.com\/calendar\/embed?height=600&#038;wkst=2&#038;ctz=Europe%2FParis&#038;showPrint=0&#038;showTz=0&#038;showTitle=0&#038;src=d2VibWFzdGVyQG11bmRvbHNoZWltLWJhZG1pbnRvbi5mcg&#038;src=aDJ0bDBlYnFwZ280ajJsYTZybnZwYnJ0NzBAZ3JvdXAuY2FsZW5kYXIuZ29vZ2xlLmNvbQ&#038;src=MDQyMWQ1ODQ1OGRjOTc4NzM0NmUwNDRmM2U1ODgxNjVmZDg5YjU5Nzc0ZDgyZWQxYjkyN2EyOThlMzdhN2NhMEBncm91cC5jYWxlbmRhci5nb29nbGUuY29t&#038;src=NG12NGxzcjFiMW4yazRzY2xkMmMzMWl1MDRAZ3JvdXAuY2FsZW5kYXIuZ29vZ2xlLmNvbQ&#038;src=ZGhsZW4zanVjaXY5bGlwbzI5cnI0aTI0YWtAZ3JvdXAuY2FsZW5kYXIuZ29vZ2xlLmNvbQ&#038;src=Z2YybGV0cWVzNHB1b2lndTFmb2h1dTRtMGtAZ3JvdXAuY2FsZW5kYXIuZ29vZ2xlLmNvbQ&#038;src=aDQxdThkamxrbzIyOG8xaWpkNHNwaWczMWNAZ3JvdXAuY2FsZW5kYXIuZ29vZ2xlLmNvbQ&#038;src=czJxc2FybmFma3JvaTM1cjBpZ3JjZzd0YmtAZ3JvdXAuY2FsZW5kYXIuZ29vZ2xlLmNvbQ&#038;src=MjU3ZmVkZGE5NzdlMjA5YTVkMGFkYWNjZDkzMjdhNDJmMzFhNGIwYzExNDA3ZTIyOGZhZmY0MDM0YjIyMTk4MUBncm91cC5jYWxlbmRhci5nb29nbGUuY29t&#038;src=cnBpOGMxb2gwa3YydXMxdHRqZGgybmhwNWNAZ3JvdXAuY2FsZW5kYXIuZ29vZ2xlLmNvbQ&#038;src=dXV1dG81dWgwdW83dDlyM3ZqOTI3dmhqODRAZ3JvdXAuY2FsZW5kYXIuZ29vZ2xlLmNvbQ&#038;src=c2l0bGp2c2VtZjNqZHBsNnFqMTR1MWtrM2NAZ3JvdXAuY2FsZW5kYXIuZ29vZ2xlLmNvbQ&#038;src=ZzZycTExOWlkNDdyOHRkcjY1OHBlYWNxYmdAZ3JvdXAuY2FsZW5kYXIuZ29vZ2xlLmNvbQ&#038;src=ZGU1YzA2ZzRqazU4MHRubDAzMms0MnE0Y2NAZ3JvdXAuY2FsZW5kYXIuZ29vZ2xlLmNvbQ&#038;src=ZnIuZnJlbmNoI2hvbGlkYXlAZ3JvdXAudi5jYWxlbmRhci5nb29nbGUuY29t&#038;color=%237986cb&#038;color=%23f4511e&#038;color=%23d50000&#038;color=%23616161&#038;color=%23616161&#038;color=%23616161&#038;color=%23616161&#038;color=%23616161&#038;color=%23616161&#038;color=%2333b679&#038;color=%234285f4&#038;color=%23039be5&#038;color=%23e4c441&#038;color=%23616161&#038;color=%23e67c73 \" style=\"border-width:0\" width=\"800\" height=\"600\" frameborder=\"0\" scrolling=\"no\"><\/iframe>\n\n\n\n<p><strong>Lundi:<\/strong><\/p>\n\n\n\n<ul class=\"wp-block-list\">\n<li class=\"has-vivid-green-cyan-color has-text-color has-link-color wp-elements-b9503e00fb648c8f99eccdb765b12392\">18h-19h30 : Entra\u00eenement Jeunes (12 ans et +)<\/li>\n\n\n\n<li class=\"has-vivid-cyan-blue-color has-text-color has-link-color wp-elements-e82b9ca061f34f912b9f039d9a433d4e\">19h30-22h30 : Jeu libre<\/li>\n<\/ul>\n\n\n\n<p><strong>Mercredi:<\/strong><\/p>\n\n\n\n<ul class=\"wp-block-list\">\n<li class=\"has-vivid-green-cyan-color has-text-color has-link-color wp-elements-ef30ecaecda30e9c9d277704514781a0\">15h-16h15 : Entra\u00eenement Jeunes (Niveau confirm\u00e9) (5-12 ans)<\/li>\n\n\n\n<li class=\"has-vivid-green-cyan-color has-text-color has-link-color wp-elements-11c58e6727848f9d50849db60a8d1b2b\">16h-17h15 : Entra\u00eenement Jeunes (Niveau interm\u00e9diaire) (5-12 ans)<\/li>\n\n\n\n<li class=\"has-vivid-green-cyan-color has-text-color has-link-color wp-elements-4339d325a94136beb4b0243423fdd346\">17h-18h : Entra\u00eenement Jeunes (Niveau d\u00e9butant) (5-12 ans)<\/li>\n\n\n\n<li class=\"has-vivid-red-color has-text-color has-link-color wp-elements-f98c0cfe26322f7c5b6c2c513575aea6\">20h-22h30 : Entra\u00eenement Adultes Comp\u00e9titeurs (Option payante \u00e0 50\u20ac l&rsquo;ann\u00e9e, <a href=\"https:\/\/www.helloasso.com\/associations\/mundolsheim-badminton-club\/boutiques\/option-entrainement-du-mercredi-soir-2025-2026\">payable ici<\/a>)<\/li>\n\n\n\n<li class=\"has-vivid-cyan-blue-color has-text-color has-link-color wp-elements-384b9753612a9a5b7e851d68f89530a2\">20h-22h30 : OU Jeu libre (Alternance 1 semaine sur 2)<\/li>\n<\/ul>\n\n\n\n<p><strong>Vendredi:<\/strong><\/p>\n\n\n\n<ul class=\"wp-block-list\">\n<li class=\"has-vivid-green-cyan-color has-text-color has-link-color wp-elements-33326e9ff3fc9286ce3d58d93874e814\">18h15-20h : Entra\u00eenement Jeunes (10 ans et +)<\/li>\n\n\n\n<li class=\"has-vivid-cyan-blue-color has-text-color has-link-color wp-elements-0757240dc8af58fa09e4a0084133b4ec\">19h30-22h30 : Jeu libre (et Interclubs lorsque matchs \u00e0 domicile) (20h-22h30 les soirs d&rsquo;entra\u00eenements loisirs<\/li>\n\n\n\n<li class=\"has-vivid-red-color has-text-color has-link-color wp-elements-ce01e9fefacd2b5196b08d0c1948072f\">[1 fois par mois] 18h15-20h : Entra\u00eenement Adultes Loisirs (Option payante \u00e0 20\u20ac l&rsquo;ann\u00e9e, <a href=\"https:\/\/www.helloasso.com\/associations\/mundolsheim-badminton-club\/boutiques\/entrainement-mensuel-loisirs\">payable ici<\/a>), dates disponibles sur le calendrier (susceptibles de changer)<\/li>\n<\/ul>\n\n\n\n<p><strong>Dimanche:<\/strong><\/p>\n\n\n\n<ul class=\"wp-block-list\">\n<li class=\"has-vivid-cyan-blue-color has-text-color has-link-color wp-elements-54ad4c20373d0adf469d91943d30533d\">9h30-12h30 : Jeu libre<\/li>\n<\/ul>\n\n\n\n<p><\/p>\n\n\n\n<p>Pour plus d&rsquo;informations, demandez \u00e0 rejoindre la communaut\u00e9 What&rsquo;s App du club !<\/p>\n","protected":false},"excerpt":{"rendered":"<p>D\u00e9couvrez les cr\u00e9neaux horaires et le planning adapt\u00e9s aux loisirs, comp\u00e9titeurs et jeunes du club Lundi: Mercredi: Vendredi: Dimanche: Pour plus d&rsquo;informations, demandez \u00e0 rejoindre la communaut\u00e9 What&rsquo;s App du club !<\/p>\n","protected":false},"author":2,"featured_media":0,"parent":0,"menu_order":0,"comment_status":"closed","ping_status":"closed","template":"template-parts\/template-full-width.php","meta":{"footnotes":""},"class_list":["post-51","page","type-page","status-publish","hentry"],"_links":{"self":[{"href":"https:\/\/www.mundolsheim-badminton.fr\/index.php?rest_route=\/wp\/v2\/pages\/51","targetHints":{"allow":["GET"]}}],"collection":[{"href":"https:\/\/www.mundolsheim-badminton.fr\/index.php?rest_route=\/wp\/v2\/pages"}],"about":[{"href":"https:\/\/www.mundolsheim-badminton.fr\/index.php?rest_route=\/wp\/v2\/types\/page"}],"author":[{"embeddable":true,"href":"https:\/\/www.mundolsheim-badminton.fr\/index.php?rest_route=\/wp\/v2\/users\/2"}],"replies":[{"embeddable":true,"href":"https:\/\/www.mundolsheim-badminton.fr\/index.php?rest_route=%2Fwp%2Fv2%2Fcomments&post=51"}],"version-history":[{"count":39,"href":"https:\/\/www.mundolsheim-badminton.fr\/index.php?rest_route=\/wp\/v2\/pages\/51\/revisions"}],"predecessor-version":[{"id":4341,"href":"https:\/\/www.mundolsheim-badminton.fr\/index.php?rest_route=\/wp\/v2\/pages\/51\/revisions\/4341"}],"wp:attachment":[{"href":"https:\/\/www.mundolsheim-badminton.fr\/index.php?rest_route=%2Fwp%2Fv2%2Fmedia&parent=51"}],"curies":[{"name":"wp","href":"https:\/\/api.w.org\/{rel}","templated":true}]}}