{"id":57,"date":"2024-08-23T00:50:23","date_gmt":"2024-08-22T22:50:23","guid":{"rendered":"http:\/\/test2.mundolsheim-badminton.fr\/?page_id=57"},"modified":"2026-04-18T16:01:29","modified_gmt":"2026-04-18T14:01:29","slug":"commandes-de-volants","status":"publish","type":"page","link":"https:\/\/www.mundolsheim-badminton.fr\/?page_id=57","title":{"rendered":"Boutique du club"},"content":{"rendered":"\n<p>Achetez vos volants et le nouveau maillot du club sur la boutique HelloAsso du club<\/p>\n\n\n\n<h2 class=\"wp-block-heading\">Volants<\/h2>\n\n\n\n<p>Commandez vos volants directement via le club.<\/p>\n\n\n\n<p>R\u00e9serv\u00e9 aux membres du club et via HelloAsso \ud83d\uded2 Mise \u00e0 disposition d&rsquo;un moyen de commande de volants \u00e0 prix co\u00fbtant<\/p>\n\n\n\n<div class=\"wp-block-buttons is-content-justification-center is-layout-flex wp-container-core-buttons-is-layout-16018d1d wp-block-buttons-is-layout-flex\">\n<div class=\"wp-block-button\"><a class=\"wp-block-button__link has-cyan-bluish-gray-background-color has-background has-text-align-center wp-element-button\" href=\"https:\/\/www.helloasso.com\/associations\/mundolsheim-badminton-club\/boutiques\/volants\/\" target=\"_blank\" rel=\"noreferrer noopener\">Affichage difficile ? Cliquez ici<\/a><\/div>\n<\/div>\n\n\n\n<div style=\"height:13px\" aria-hidden=\"true\" class=\"wp-block-spacer\"><\/div>\n\n\n\n<div class=\"wp-block-brad-border-box\">\t\t\t<iframe\n\t\t\t\tid=\"idIframe\"\n\t\t\t\tsrc=\"https:\/\/www.helloasso.com\/associations\/mundolsheim-badminton-club\/boutiques\/volants\/widget\"\n\t\t\t\theight=750px\"\t\t\t\twidth=100%\"\t\t\t\tframeborder=\"0\"\n\t\t\t\tloading=\"lazy\"\n\t\t\t\tallowtransparency=\"true\"\n\t\t\t\tonload=\"resizeIframeMessage()\"><\/iframe>\n<\/div>\n\n\n\n<h2 class=\"wp-block-heading\">Maillot 2025-2026<\/h2>\n\n\n\n<p>Commandez d\u00e8s maintenant le maillot 2025-2026 du MBC.<\/p>\n\n\n\n<p>Option de personnalisation avec flocage NOM dans le dos.<\/p>\n\n\n\n<p>\u26a0\ufe0f En cas de stock insuffisant, contactez un membre du bureau, un nouveau stock pourra \u00eatre command\u00e9.<\/p>\n\n\n\n<div class=\"wp-block-buttons is-content-justification-center is-layout-flex wp-container-core-buttons-is-layout-16018d1d wp-block-buttons-is-layout-flex\">\n<div class=\"wp-block-button\"><a class=\"wp-block-button__link has-cyan-bluish-gray-background-color has-background has-text-align-center wp-element-button\" href=\"https:\/\/www.helloasso.com\/associations\/mundolsheim-badminton-club\/boutiques\/maillot-mbc-2025-2026\" target=\"_blank\" rel=\"noreferrer noopener\">Affichage difficile ? Cliquez ici<\/a><\/div>\n<\/div>\n\n\n\n<div style=\"height:16px\" aria-hidden=\"true\" class=\"wp-block-spacer\"><\/div>\n\n\n\n<div class=\"wp-block-brad-border-box\">\t\t\t<iframe\n\t\t\t\tid=\"idIframe\"\n\t\t\t\tsrc=\"https:\/\/www.helloasso.com\/associations\/mundolsheim-badminton-club\/boutiques\/maillot-mbc-2025-2026\/widget-vignette\"\n\t\t\t\theight=450px\"\t\t\t\twidth=350px\"\t\t\t\tframeborder=\"0\"\n\t\t\t\tloading=\"lazy\"\n\t\t\t\tallowtransparency=\"true\"\n\t\t\t\tonload=\"resizeIframeMessage()\"><\/iframe>\n<\/div>\n","protected":false},"excerpt":{"rendered":"<p>Achetez vos volants et le nouveau maillot du club sur la boutique HelloAsso du club Volants Commandez vos volants directement via le club. R\u00e9serv\u00e9 aux membres du club et via HelloAsso \ud83d\uded2 Mise \u00e0 disposition d&rsquo;un moyen de commande de volants \u00e0 prix co\u00fbtant Maillot 2025-2026 Commandez d\u00e8s maintenant le maillot 2025-2026 du MBC. Option de personnalisation avec flocage NOM dans le dos. \u26a0\ufe0f En cas de stock insuffisant, contactez un membre du bureau, un nouveau stock pourra \u00eatre command\u00e9.<\/p>\n","protected":false},"author":2,"featured_media":0,"parent":0,"menu_order":0,"comment_status":"closed","ping_status":"closed","template":"template-parts\/template-full-width.php","meta":{"footnotes":""},"class_list":["post-57","page","type-page","status-publish","hentry"],"_links":{"self":[{"href":"https:\/\/www.mundolsheim-badminton.fr\/index.php?rest_route=\/wp\/v2\/pages\/57","targetHints":{"allow":["GET"]}}],"collection":[{"href":"https:\/\/www.mundolsheim-badminton.fr\/index.php?rest_route=\/wp\/v2\/pages"}],"about":[{"href":"https:\/\/www.mundolsheim-badminton.fr\/index.php?rest_route=\/wp\/v2\/types\/page"}],"author":[{"embeddable":true,"href":"https:\/\/www.mundolsheim-badminton.fr\/index.php?rest_route=\/wp\/v2\/users\/2"}],"replies":[{"embeddable":true,"href":"https:\/\/www.mundolsheim-badminton.fr\/index.php?rest_route=%2Fwp%2Fv2%2Fcomments&post=57"}],"version-history":[{"count":27,"href":"https:\/\/www.mundolsheim-badminton.fr\/index.php?rest_route=\/wp\/v2\/pages\/57\/revisions"}],"predecessor-version":[{"id":4641,"href":"https:\/\/www.mundolsheim-badminton.fr\/index.php?rest_route=\/wp\/v2\/pages\/57\/revisions\/4641"}],"wp:attachment":[{"href":"https:\/\/www.mundolsheim-badminton.fr\/index.php?rest_route=%2Fwp%2Fv2%2Fmedia&parent=57"}],"curies":[{"name":"wp","href":"https:\/\/api.w.org\/{rel}","templated":true}]}}