{"id":61,"date":"2024-08-23T00:50:59","date_gmt":"2024-08-22T22:50:59","guid":{"rendered":"http:\/\/test2.mundolsheim-badminton.fr\/?page_id=61"},"modified":"2026-04-18T00:06:36","modified_gmt":"2026-04-17T22:06:36","slug":"passbad","status":"publish","type":"page","link":"https:\/\/www.mundolsheim-badminton.fr\/?page_id=61","title":{"rendered":"Pass&rsquo;Bad"},"content":{"rendered":"\n<div class=\"wp-block-media-text is-stacked-on-mobile\" style=\"grid-template-columns:15% auto\"><figure class=\"wp-block-media-text__media\"><img loading=\"lazy\" decoding=\"async\" width=\"636\" height=\"1024\" src=\"https:\/\/www.mundolsheim-badminton.fr\/wp-content\/uploads\/2026\/04\/passbad-ffbad-636x1024.png\" alt=\"\" class=\"wp-image-4621 size-full\" srcset=\"https:\/\/www.mundolsheim-badminton.fr\/wp-content\/uploads\/2026\/04\/passbad-ffbad-636x1024.png 636w, https:\/\/www.mundolsheim-badminton.fr\/wp-content\/uploads\/2026\/04\/passbad-ffbad-186x300.png 186w, https:\/\/www.mundolsheim-badminton.fr\/wp-content\/uploads\/2026\/04\/passbad-ffbad-768x1236.png 768w, https:\/\/www.mundolsheim-badminton.fr\/wp-content\/uploads\/2026\/04\/passbad-ffbad-955x1536.png 955w, https:\/\/www.mundolsheim-badminton.fr\/wp-content\/uploads\/2026\/04\/passbad-ffbad.png 1159w\" sizes=\"auto, (max-width: 636px) 100vw, 636px\" \/><\/figure><div class=\"wp-block-media-text__content\">\n<p class=\"has-white-color has-text-color has-background has-link-color wp-elements-3101237714811a35a426117660c91dd0\" style=\"background-color:#1b76be\">Depuis 2004, la F\u00e9d\u00e9ration Fran\u00e7aise de Badminton a mis en place un outil intitul\u00e9 Pass Bad de progression de l&rsquo;apprentissage de ce sport chez les jeunes joueurs. Cet outil p\u00e9dagogique et de d\u00e9veloppement f\u00e9d\u00e9ral vise \u00e0 adapter la pratique du badminton aux jeunes pratiquants de 9 \u00e0 11 ans. Pass Bad vise aussi \u00e0 mat\u00e9rialiser une progression et \u00e0 d\u00e9finir des \u00e9tapes et des objectifs dans la progression.<\/p>\n<\/div><\/div>\n\n\n\n<div style=\"height:36px\" aria-hidden=\"true\" class=\"wp-block-spacer\"><\/div>\n\n\n\n<h2 class=\"wp-block-heading\"><strong>Passage des plumes<\/strong><\/h2>\n\n\n\n<p>\u00c0 l&rsquo;instar de ce qui se fait au ski avec ses flocons ou le judo avec ses ceintures, des plumes de couleurs mat\u00e9rialisent des niveaux d&rsquo;apprentissage. Pass Bad s&rsquo;articule autour de 4 niveaux, la plume jaune, verte, bleue et rouge. Pour chaque \u00e9tape un ensemble de situations et d&rsquo;exercices est recens\u00e9 avec des crit\u00e8res d&rsquo;exigence et de r\u00e9ussite. Il s&rsquo;agit avec un tel outil de permettre au jeune d&rsquo;acqu\u00e9rir les bases fondamentales d&rsquo;une pratique technique et d&rsquo;une approche sociale de l&rsquo;activit\u00e9.<\/p>\n\n\n\n<p>La logique de la progression repose sur des objectifs qui se r\u00e9sument \u00e0 :<\/p>\n\n\n\n<p class=\"has-white-color has-luminous-vivid-amber-background-color has-text-color has-background has-link-color wp-elements-f1c98fdec869ff49743a24d9bfb73b21\">\u00c9tape 1 (jaune)&nbsp;: permettre au jeune de devenir un joueur de badminton<\/p>\n\n\n\n<p class=\"has-white-color has-vivid-green-cyan-background-color has-text-color has-background has-link-color wp-elements-e6039fa4adcd539bed6f644530887d30\">\u00c9tape 2 (verte)&nbsp;: favoriser la prise d&rsquo;information et \u00e0 s&rsquo;organiser<\/p>\n\n\n\n<p class=\"has-white-color has-vivid-cyan-blue-background-color has-text-color has-background has-link-color wp-elements-fcb95e5b81770a0e31fee89e4d938117\">\u00c9tape 3 (bleue)&nbsp;: agir avec une intention<\/p>\n\n\n\n<p class=\"has-white-color has-vivid-red-background-color has-text-color has-background has-link-color wp-elements-40395764fbd17a48be4776b6d3920cb2\">\u00c9tape 4 (rouge)&nbsp;: construire un probl\u00e8me tactique<\/p>\n\n\n\n<div style=\"height:35px\" aria-hidden=\"true\" class=\"wp-block-spacer\"><\/div>\n\n\n\n<h2 class=\"wp-block-heading\">Un outil sportif et technique<\/h2>\n\n\n\n<p>Afin de mieux mat\u00e9rialiser les progr\u00e8s, chaque enfant sera titulaire d&rsquo;un passeport qui permettra d&rsquo;accompagner sa progression et dans lequel seront recens\u00e9es les diff\u00e9rentes \u00e9tapes valid\u00e9es par le jeune joueur.Pass Bad s&rsquo;adresse aux jeunes pratiquants de 9 \u00e0 11 ans et il vise \u00e0 l&rsquo;acquisition des 4 niveaux sur cette p\u00e9riode de 2 ans. Pour ce faire des sessions sont organis\u00e9es \u00e0 l&rsquo;\u00e9chelle du club ou lors de journ\u00e9es d\u00e9partementales qui regroupent les joueurs susceptibles de valider la couleur d&rsquo;une plume.Les \u00e9tapes 1, 2 et 3 peuvent \u00eatre valid\u00e9es par l&rsquo;entra\u00eeneur de l&rsquo;\u00e9cole de badminton \u00e0 condition que celui-ci poss\u00e8de un dipl\u00f4me d&rsquo;entra\u00eeneur. Par contre pour l&rsquo;\u00e9tape 4 l&rsquo;examinateur devra \u00eatre titulaire d&rsquo;un dipl\u00f4me d&rsquo;\u00e9tat.<\/p>\n\n\n\n<div style=\"height:37px\" aria-hidden=\"true\" class=\"wp-block-spacer\"><\/div>\n\n\n\n<h2 class=\"wp-block-heading has-white-color has-text-color has-background has-link-color wp-elements-03ec92d8468f1ee945a87f77b77f3722\" style=\"background-color:#50c6d1\">Organisation du Pass Bad<\/h2>\n\n\n\n<p class=\"has-white-color has-text-color has-background has-link-color wp-elements-5bb41f44c376f9a2fa3aaaa90b486460\" style=\"background-color:#50c6d1\">Les passages des grades de Pass Bad font souvent l&rsquo;objet de sessions organis\u00e9es par les Comit\u00e9s D\u00e9partementaux \u00e0 \u00e9tapes r\u00e9guli\u00e8res. Il est possible de faire passer ces moments d&rsquo;\u00e9valuation au cours d&rsquo;un entra\u00eenement de club.<\/p>\n\n\n\n<p><\/p>\n","protected":false},"excerpt":{"rendered":"<p>Depuis 2004, la F\u00e9d\u00e9ration Fran\u00e7aise de Badminton a mis en place un outil intitul\u00e9 Pass Bad de progression de l&rsquo;apprentissage de ce sport chez les jeunes joueurs. Cet outil p\u00e9dagogique et de d\u00e9veloppement f\u00e9d\u00e9ral vise \u00e0 adapter la pratique du badminton aux jeunes pratiquants de 9 \u00e0 11 ans. Pass Bad vise aussi \u00e0 mat\u00e9rialiser une progression et \u00e0 d\u00e9finir des \u00e9tapes et des objectifs dans la progression. Passage des plumes \u00c0 l&rsquo;instar de ce qui se fait au ski avec ses flocons ou le judo avec ses ceintures, des plumes de couleurs mat\u00e9rialisent des niveaux d&rsquo;apprentissage. Pass Bad s&rsquo;articule&#8230; <\/p>\n","protected":false},"author":2,"featured_media":0,"parent":0,"menu_order":0,"comment_status":"closed","ping_status":"closed","template":"template-parts\/template-full-width.php","meta":{"footnotes":""},"class_list":["post-61","page","type-page","status-publish","hentry"],"_links":{"self":[{"href":"https:\/\/www.mundolsheim-badminton.fr\/index.php?rest_route=\/wp\/v2\/pages\/61","targetHints":{"allow":["GET"]}}],"collection":[{"href":"https:\/\/www.mundolsheim-badminton.fr\/index.php?rest_route=\/wp\/v2\/pages"}],"about":[{"href":"https:\/\/www.mundolsheim-badminton.fr\/index.php?rest_route=\/wp\/v2\/types\/page"}],"author":[{"embeddable":true,"href":"https:\/\/www.mundolsheim-badminton.fr\/index.php?rest_route=\/wp\/v2\/users\/2"}],"replies":[{"embeddable":true,"href":"https:\/\/www.mundolsheim-badminton.fr\/index.php?rest_route=%2Fwp%2Fv2%2Fcomments&post=61"}],"version-history":[{"count":8,"href":"https:\/\/www.mundolsheim-badminton.fr\/index.php?rest_route=\/wp\/v2\/pages\/61\/revisions"}],"predecessor-version":[{"id":4623,"href":"https:\/\/www.mundolsheim-badminton.fr\/index.php?rest_route=\/wp\/v2\/pages\/61\/revisions\/4623"}],"wp:attachment":[{"href":"https:\/\/www.mundolsheim-badminton.fr\/index.php?rest_route=%2Fwp%2Fv2%2Fmedia&parent=61"}],"curies":[{"name":"wp","href":"https:\/\/api.w.org\/{rel}","templated":true}]}}