{"id":63,"date":"2024-08-23T00:51:11","date_gmt":"2024-08-22T22:51:11","guid":{"rendered":"http:\/\/test2.mundolsheim-badminton.fr\/?page_id=63"},"modified":"2025-07-16T23:21:43","modified_gmt":"2025-07-16T21:21:43","slug":"circuit-jeunes","status":"publish","type":"page","link":"https:\/\/www.mundolsheim-badminton.fr\/?page_id=63","title":{"rendered":"Circuit Jeunes"},"content":{"rendered":"\n<div class=\"wp-block-buttons is-layout-flex wp-block-buttons-is-layout-flex\">\n<div class=\"wp-block-button\"><a class=\"wp-block-button__link has-background wp-element-button\" href=\"https:\/\/badminton67.fr\/wp-content\/uploads\/2024\/09\/tuto-circuit-jeunes67-2024-25v3.pdf\" style=\"background-color:#50c6d1\">T\u00e9l\u00e9charger le guide de pr\u00e9sentation<\/a><\/div>\n<\/div>\n\n\n\n<div style=\"height:48px\" aria-hidden=\"true\" class=\"wp-block-spacer\"><\/div>\n\n\n\n<div class=\"wp-block-media-text is-stacked-on-mobile\" style=\"grid-template-columns:19% auto\"><figure class=\"wp-block-media-text__media\"><img loading=\"lazy\" decoding=\"async\" width=\"582\" height=\"756\" src=\"http:\/\/test2.mundolsheim-badminton.fr\/wp-content\/uploads\/2024\/09\/Circuit-jeunes-logo.png\" alt=\"\" class=\"wp-image-2333 size-full\" srcset=\"https:\/\/www.mundolsheim-badminton.fr\/wp-content\/uploads\/2024\/09\/Circuit-jeunes-logo.png 582w, https:\/\/www.mundolsheim-badminton.fr\/wp-content\/uploads\/2024\/09\/Circuit-jeunes-logo-231x300.png 231w\" sizes=\"auto, (max-width: 582px) 100vw, 582px\" \/><\/figure><div class=\"wp-block-media-text__content\">\n<p class=\"has-white-color has-text-color has-background has-link-color wp-elements-da647907812baebb9f1416c539162123\" style=\"background-color:#1b76be\">Le Circuit Jeunes est une comp\u00e9tition officielle, ouverte aux jeunes joueurs alsaciens licenci\u00e9s \u00e0 la FFBAD, et aux scolaires titulaires d&rsquo;une licence UNSS. Il a pour objectif d&rsquo;initier les jeunes \u00e0 la comp\u00e9tition et de les familiariser aux exigences d&rsquo;un match de badminton.<\/p>\n<\/div><\/div>\n\n\n\n<div style=\"height:100px\" aria-hidden=\"true\" class=\"wp-block-spacer\"><\/div>\n\n\n\n<h2 class=\"wp-block-heading\">Descriptif du Circuit Jeunes<\/h2>\n\n\n\n<p>La comp\u00e9tition comprend 8 tableaux : poussins, benjamins, minimes et cadets en simple dames et en simple hommes.<\/p>\n\n\n\n<p>Cette organisation est scind\u00e9e en deux circuits d\u00e9partementaux : Haut-Rhin et Bas-Rhin.<\/p>\n\n\n\n<p>La comp\u00e9tition se d\u00e9roule en trois phases :<\/p>\n\n\n\n<ul class=\"wp-block-list\">\n<li>une phase dite de classement qui se d\u00e9roule sur 5 Dimanches dans notre D\u00e9partement.<\/li>\n\n\n\n<li>une phase dite de \u00ab finale d\u00e9partementale \u00bb qui se d\u00e9roule sous forme de play-off (Haut-Rhin) ou de finale entre les diff\u00e9rentes zones de comp\u00e9tition d&rsquo;un d\u00e9partement (Bas-Rhin).<\/li>\n\n\n\n<li>une phase dite de \u00ab finale r\u00e9gionale \u00bb qui regroupe les joueurs s\u00e9lectionn\u00e9s par cat\u00e9gorie dans chaque d\u00e9partement apr\u00e8s la finale<\/li>\n<\/ul>\n\n\n\n<h2 class=\"wp-block-heading has-white-color has-text-color has-background has-link-color wp-elements-9a635c5993799d62de51df2942af1b2f\" style=\"background-color:#50c6d1\">D\u00e9roulement de la comp\u00e9tition<\/h2>\n\n\n\n<p class=\"has-white-color has-text-color has-background has-link-color wp-elements-31e7204d74d678ef16bda270ecb415be\" style=\"background-color:#50c6d1\">Il s&rsquo;agit uniquement de simples et doubles, qui sont auto-arbitr\u00e9s. Normalement, les jeunes des diff\u00e9rentes cat\u00e9gories sont r\u00e9partis par petit groupe (ou poules) de 3 ou 4. Ainsi chaque jeune jouera 2 ou 3 matches par demi-journ\u00e9e. Les groupes sont form\u00e9s par tirage au sort lors de la premi\u00e8re journ\u00e9e, ensuite ils seront form\u00e9s par rapport au classement.<\/p>\n\n\n\n<p class=\"has-white-color has-text-color has-background has-link-color wp-elements-d1e20bb3e1b9bd53fb8004cd3b260bd6\" style=\"background-color:#50c6d1\">Par exemple les jeunes class\u00e9s de 1, 3, 5 et 2, 4, 6 formeront les poules A et B, etc&#8230;Ainsi les jeunes devraient jouer, \u00e0 partir de la deuxi\u00e8me journ\u00e9e contre des adversaires de niveau de jeu comparable.<\/p>\n\n\n\n<p class=\"has-white-color has-text-color has-background has-link-color wp-elements-38b38df8c74a27ce62b6f2d936438d0c\" style=\"background-color:#50c6d1\">Le classement \u00e0 l&rsquo;issue de la cinqui\u00e8me journ\u00e9e servira \u00e0 s\u00e9lectionner les finalistes pour les finales d\u00e9partementales, qui permettront aux meilleurs de se qualifier pour la finale r\u00e9gionale.<\/p>\n\n\n\n<div style=\"height:100px\" aria-hidden=\"true\" class=\"wp-block-spacer\"><\/div>\n\n\n\n<div style=\"height:26px\" aria-hidden=\"true\" class=\"wp-block-spacer\"><\/div>\n","protected":false},"excerpt":{"rendered":"<p>Le Circuit Jeunes est une comp\u00e9tition officielle, ouverte aux jeunes joueurs alsaciens licenci\u00e9s \u00e0 la FFBAD, et aux scolaires titulaires d&rsquo;une licence UNSS. Il a pour objectif d&rsquo;initier les jeunes \u00e0 la comp\u00e9tition et de les familiariser aux exigences d&rsquo;un match de badminton. Descriptif du Circuit Jeunes La comp\u00e9tition comprend 8 tableaux : poussins, benjamins, minimes et cadets en simple dames et en simple hommes. Cette organisation est scind\u00e9e en deux circuits d\u00e9partementaux : Haut-Rhin et Bas-Rhin. La comp\u00e9tition se d\u00e9roule en trois phases : D\u00e9roulement de la comp\u00e9tition Il s&rsquo;agit uniquement de simples et doubles, qui sont auto-arbitr\u00e9s. Normalement,&#8230; <\/p>\n","protected":false},"author":2,"featured_media":0,"parent":0,"menu_order":0,"comment_status":"closed","ping_status":"closed","template":"template-parts\/template-full-width.php","meta":{"footnotes":""},"class_list":["post-63","page","type-page","status-publish","hentry"],"_links":{"self":[{"href":"https:\/\/www.mundolsheim-badminton.fr\/index.php?rest_route=\/wp\/v2\/pages\/63","targetHints":{"allow":["GET"]}}],"collection":[{"href":"https:\/\/www.mundolsheim-badminton.fr\/index.php?rest_route=\/wp\/v2\/pages"}],"about":[{"href":"https:\/\/www.mundolsheim-badminton.fr\/index.php?rest_route=\/wp\/v2\/types\/page"}],"author":[{"embeddable":true,"href":"https:\/\/www.mundolsheim-badminton.fr\/index.php?rest_route=\/wp\/v2\/users\/2"}],"replies":[{"embeddable":true,"href":"https:\/\/www.mundolsheim-badminton.fr\/index.php?rest_route=%2Fwp%2Fv2%2Fcomments&post=63"}],"version-history":[{"count":9,"href":"https:\/\/www.mundolsheim-badminton.fr\/index.php?rest_route=\/wp\/v2\/pages\/63\/revisions"}],"predecessor-version":[{"id":4139,"href":"https:\/\/www.mundolsheim-badminton.fr\/index.php?rest_route=\/wp\/v2\/pages\/63\/revisions\/4139"}],"wp:attachment":[{"href":"https:\/\/www.mundolsheim-badminton.fr\/index.php?rest_route=%2Fwp%2Fv2%2Fmedia&parent=63"}],"curies":[{"name":"wp","href":"https:\/\/api.w.org\/{rel}","templated":true}]}}