{"id":65,"date":"2024-08-23T00:51:43","date_gmt":"2024-08-22T22:51:43","guid":{"rendered":"http:\/\/test2.mundolsheim-badminton.fr\/?page_id=65"},"modified":"2026-04-17T23:47:42","modified_gmt":"2026-04-17T21:47:42","slug":"equipe-1-r1","status":"publish","type":"page","link":"https:\/\/www.mundolsheim-badminton.fr\/?page_id=65","title":{"rendered":"\u00c9quipe 1 &#8211; R1"},"content":{"rendered":"\n<div style=\"height:8px\" aria-hidden=\"true\" class=\"wp-block-spacer\"><\/div>\n\n\n\n<h1 class=\"wp-block-heading\">Classement<\/h1>\n\n\n\n<div style=\"height:8px\" aria-hidden=\"true\" class=\"wp-block-spacer\"><\/div>\n\n\n\n<figure class=\"wp-block-image size-full\"><img loading=\"lazy\" decoding=\"async\" width=\"2560\" height=\"1280\" src=\"https:\/\/www.mundolsheim-badminton.fr\/wp-content\/uploads\/2026\/04\/1-scaled.png\" alt=\"\" class=\"wp-image-4602\" srcset=\"https:\/\/www.mundolsheim-badminton.fr\/wp-content\/uploads\/2026\/04\/1-scaled.png 2560w, https:\/\/www.mundolsheim-badminton.fr\/wp-content\/uploads\/2026\/04\/1-300x150.png 300w, https:\/\/www.mundolsheim-badminton.fr\/wp-content\/uploads\/2026\/04\/1-1024x512.png 1024w, https:\/\/www.mundolsheim-badminton.fr\/wp-content\/uploads\/2026\/04\/1-768x384.png 768w, https:\/\/www.mundolsheim-badminton.fr\/wp-content\/uploads\/2026\/04\/1-1536x768.png 1536w\" sizes=\"auto, (max-width: 2560px) 100vw, 2560px\" \/><\/figure>\n\n\n\n<div style=\"height:8px\" aria-hidden=\"true\" class=\"wp-block-spacer\"><\/div>\n\n\n\n<div style=\"height:39px\" aria-hidden=\"true\" class=\"wp-block-spacer\"><\/div>\n\n\n\n<h1 class=\"wp-block-heading\">R\u00e9sultats &amp; Calendrier<\/h1>\n\n\n\n<p>Cliquez sur le r\u00e9sultat pour voir le d\u00e9tail de la rencontre<\/p>\n\n\n\n<div style=\"height:8px\" aria-hidden=\"true\" class=\"wp-block-spacer\"><\/div>\n\n\n\n<figure class=\"wp-block-image size-large\"><a href=\"https:\/\/icbad.ffbad.org\/rencontre\/698219\"><img loading=\"lazy\" decoding=\"async\" width=\"1024\" height=\"68\" src=\"https:\/\/www.mundolsheim-badminton.fr\/wp-content\/uploads\/2025\/10\/3-1-1024x68.png\" alt=\"\" class=\"wp-image-4422\" srcset=\"https:\/\/www.mundolsheim-badminton.fr\/wp-content\/uploads\/2025\/10\/3-1-1024x68.png 1024w, https:\/\/www.mundolsheim-badminton.fr\/wp-content\/uploads\/2025\/10\/3-1-300x20.png 300w, https:\/\/www.mundolsheim-badminton.fr\/wp-content\/uploads\/2025\/10\/3-1-768x51.png 768w, https:\/\/www.mundolsheim-badminton.fr\/wp-content\/uploads\/2025\/10\/3-1-1536x102.png 1536w, https:\/\/www.mundolsheim-badminton.fr\/wp-content\/uploads\/2025\/10\/3-1-2048x137.png 2048w\" sizes=\"auto, (max-width: 1024px) 100vw, 1024px\" \/><\/a><\/figure>\n\n\n\n<div style=\"height:8px\" aria-hidden=\"true\" class=\"wp-block-spacer\"><\/div>\n\n\n\n<figure class=\"wp-block-image size-large\"><a href=\"https:\/\/icbad.ffbad.org\/rencontre\/698222\"><img loading=\"lazy\" decoding=\"async\" width=\"1024\" height=\"68\" src=\"https:\/\/www.mundolsheim-badminton.fr\/wp-content\/uploads\/2025\/10\/4-1-1024x68.png\" alt=\"\" class=\"wp-image-4423\" srcset=\"https:\/\/www.mundolsheim-badminton.fr\/wp-content\/uploads\/2025\/10\/4-1-1024x68.png 1024w, https:\/\/www.mundolsheim-badminton.fr\/wp-content\/uploads\/2025\/10\/4-1-300x20.png 300w, https:\/\/www.mundolsheim-badminton.fr\/wp-content\/uploads\/2025\/10\/4-1-768x51.png 768w, https:\/\/www.mundolsheim-badminton.fr\/wp-content\/uploads\/2025\/10\/4-1-1536x102.png 1536w, https:\/\/www.mundolsheim-badminton.fr\/wp-content\/uploads\/2025\/10\/4-1-2048x137.png 2048w\" sizes=\"auto, (max-width: 1024px) 100vw, 1024px\" \/><\/a><\/figure>\n\n\n\n<div style=\"height:8px\" aria-hidden=\"true\" class=\"wp-block-spacer\"><\/div>\n\n\n\n<figure class=\"wp-block-image size-large\"><a href=\"https:\/\/icbad.ffbad.org\/rencontre\/698224\"><img loading=\"lazy\" decoding=\"async\" width=\"1024\" height=\"68\" src=\"https:\/\/www.mundolsheim-badminton.fr\/wp-content\/uploads\/2025\/12\/5-1-1024x68.png\" alt=\"\" class=\"wp-image-4482\" srcset=\"https:\/\/www.mundolsheim-badminton.fr\/wp-content\/uploads\/2025\/12\/5-1-1024x68.png 1024w, https:\/\/www.mundolsheim-badminton.fr\/wp-content\/uploads\/2025\/12\/5-1-300x20.png 300w, https:\/\/www.mundolsheim-badminton.fr\/wp-content\/uploads\/2025\/12\/5-1-768x51.png 768w, https:\/\/www.mundolsheim-badminton.fr\/wp-content\/uploads\/2025\/12\/5-1-1536x102.png 1536w, https:\/\/www.mundolsheim-badminton.fr\/wp-content\/uploads\/2025\/12\/5-1-2048x137.png 2048w\" sizes=\"auto, (max-width: 1024px) 100vw, 1024px\" \/><\/a><\/figure>\n\n\n\n<div style=\"height:8px\" aria-hidden=\"true\" class=\"wp-block-spacer\"><\/div>\n\n\n\n<figure class=\"wp-block-image size-large\"><a href=\"https:\/\/icbad.ffbad.org\/rencontre\/698228\"><img loading=\"lazy\" decoding=\"async\" width=\"1024\" height=\"68\" src=\"https:\/\/www.mundolsheim-badminton.fr\/wp-content\/uploads\/2025\/12\/6-1024x68.png\" alt=\"\" class=\"wp-image-4483\" srcset=\"https:\/\/www.mundolsheim-badminton.fr\/wp-content\/uploads\/2025\/12\/6-1024x68.png 1024w, https:\/\/www.mundolsheim-badminton.fr\/wp-content\/uploads\/2025\/12\/6-300x20.png 300w, https:\/\/www.mundolsheim-badminton.fr\/wp-content\/uploads\/2025\/12\/6-768x51.png 768w, https:\/\/www.mundolsheim-badminton.fr\/wp-content\/uploads\/2025\/12\/6-1536x102.png 1536w, https:\/\/www.mundolsheim-badminton.fr\/wp-content\/uploads\/2025\/12\/6-2048x137.png 2048w\" sizes=\"auto, (max-width: 1024px) 100vw, 1024px\" \/><\/a><\/figure>\n\n\n\n<div style=\"height:8px\" aria-hidden=\"true\" class=\"wp-block-spacer\"><\/div>\n\n\n\n<figure class=\"wp-block-image size-large\"><a href=\"https:\/\/icbad.ffbad.org\/rencontre\/698230\"><img loading=\"lazy\" decoding=\"async\" width=\"1024\" height=\"68\" src=\"https:\/\/www.mundolsheim-badminton.fr\/wp-content\/uploads\/2026\/01\/7-1024x68.png\" alt=\"\" class=\"wp-image-4524\" srcset=\"https:\/\/www.mundolsheim-badminton.fr\/wp-content\/uploads\/2026\/01\/7-1024x68.png 1024w, https:\/\/www.mundolsheim-badminton.fr\/wp-content\/uploads\/2026\/01\/7-300x20.png 300w, https:\/\/www.mundolsheim-badminton.fr\/wp-content\/uploads\/2026\/01\/7-768x51.png 768w, https:\/\/www.mundolsheim-badminton.fr\/wp-content\/uploads\/2026\/01\/7-1536x102.png 1536w, https:\/\/www.mundolsheim-badminton.fr\/wp-content\/uploads\/2026\/01\/7-2048x137.png 2048w\" sizes=\"auto, (max-width: 1024px) 100vw, 1024px\" \/><\/a><\/figure>\n\n\n\n<div style=\"height:8px\" aria-hidden=\"true\" class=\"wp-block-spacer\"><\/div>\n\n\n\n<figure class=\"wp-block-image size-large\"><a href=\"https:\/\/icbad.ffbad.org\/rencontre\/698234\"><img loading=\"lazy\" decoding=\"async\" width=\"1024\" height=\"68\" src=\"https:\/\/www.mundolsheim-badminton.fr\/wp-content\/uploads\/2026\/01\/8-1024x68.png\" alt=\"\" class=\"wp-image-4525\" srcset=\"https:\/\/www.mundolsheim-badminton.fr\/wp-content\/uploads\/2026\/01\/8-1024x68.png 1024w, https:\/\/www.mundolsheim-badminton.fr\/wp-content\/uploads\/2026\/01\/8-300x20.png 300w, https:\/\/www.mundolsheim-badminton.fr\/wp-content\/uploads\/2026\/01\/8-768x51.png 768w, https:\/\/www.mundolsheim-badminton.fr\/wp-content\/uploads\/2026\/01\/8-1536x102.png 1536w, https:\/\/www.mundolsheim-badminton.fr\/wp-content\/uploads\/2026\/01\/8-2048x137.png 2048w\" sizes=\"auto, (max-width: 1024px) 100vw, 1024px\" \/><\/a><\/figure>\n\n\n\n<div style=\"height:8px\" aria-hidden=\"true\" class=\"wp-block-spacer\"><\/div>\n\n\n\n<figure class=\"wp-block-image size-large\"><a href=\"https:\/\/icbad.ffbad.org\/rencontre\/698236\"><img loading=\"lazy\" decoding=\"async\" width=\"1024\" height=\"68\" src=\"https:\/\/www.mundolsheim-badminton.fr\/wp-content\/uploads\/2026\/03\/9-1024x68.png\" alt=\"\" class=\"wp-image-4570\" srcset=\"https:\/\/www.mundolsheim-badminton.fr\/wp-content\/uploads\/2026\/03\/9-1024x68.png 1024w, https:\/\/www.mundolsheim-badminton.fr\/wp-content\/uploads\/2026\/03\/9-300x20.png 300w, https:\/\/www.mundolsheim-badminton.fr\/wp-content\/uploads\/2026\/03\/9-768x51.png 768w, https:\/\/www.mundolsheim-badminton.fr\/wp-content\/uploads\/2026\/03\/9-1536x102.png 1536w, https:\/\/www.mundolsheim-badminton.fr\/wp-content\/uploads\/2026\/03\/9-2048x137.png 2048w\" sizes=\"auto, (max-width: 1024px) 100vw, 1024px\" \/><\/a><\/figure>\n\n\n\n<div style=\"height:8px\" aria-hidden=\"true\" class=\"wp-block-spacer\"><\/div>\n\n\n\n<figure class=\"wp-block-image size-large\"><a href=\"https:\/\/icbad.ffbad.org\/rencontre\/698240\"><img loading=\"lazy\" decoding=\"async\" width=\"1024\" height=\"68\" src=\"https:\/\/www.mundolsheim-badminton.fr\/wp-content\/uploads\/2026\/03\/10-1024x68.png\" alt=\"\" class=\"wp-image-4571\" srcset=\"https:\/\/www.mundolsheim-badminton.fr\/wp-content\/uploads\/2026\/03\/10-1024x68.png 1024w, https:\/\/www.mundolsheim-badminton.fr\/wp-content\/uploads\/2026\/03\/10-300x20.png 300w, https:\/\/www.mundolsheim-badminton.fr\/wp-content\/uploads\/2026\/03\/10-768x51.png 768w, https:\/\/www.mundolsheim-badminton.fr\/wp-content\/uploads\/2026\/03\/10-1536x102.png 1536w, https:\/\/www.mundolsheim-badminton.fr\/wp-content\/uploads\/2026\/03\/10-2048x137.png 2048w\" sizes=\"auto, (max-width: 1024px) 100vw, 1024px\" \/><\/a><\/figure>\n\n\n\n<div style=\"height:8px\" aria-hidden=\"true\" class=\"wp-block-spacer\"><\/div>\n\n\n\n<figure class=\"wp-block-image size-large\"><a href=\"https:\/\/icbad.ffbad.org\/rencontre\/698242\"><img loading=\"lazy\" decoding=\"async\" width=\"1024\" height=\"68\" src=\"https:\/\/www.mundolsheim-badminton.fr\/wp-content\/uploads\/2026\/04\/E1ENABAD-1024x68.png\" alt=\"\" class=\"wp-image-4599\" srcset=\"https:\/\/www.mundolsheim-badminton.fr\/wp-content\/uploads\/2026\/04\/E1ENABAD-1024x68.png 1024w, https:\/\/www.mundolsheim-badminton.fr\/wp-content\/uploads\/2026\/04\/E1ENABAD-300x20.png 300w, https:\/\/www.mundolsheim-badminton.fr\/wp-content\/uploads\/2026\/04\/E1ENABAD-768x51.png 768w, https:\/\/www.mundolsheim-badminton.fr\/wp-content\/uploads\/2026\/04\/E1ENABAD-1536x102.png 1536w, https:\/\/www.mundolsheim-badminton.fr\/wp-content\/uploads\/2026\/04\/E1ENABAD-2048x137.png 2048w\" sizes=\"auto, (max-width: 1024px) 100vw, 1024px\" \/><\/a><\/figure>\n\n\n\n<div style=\"height:8px\" aria-hidden=\"true\" class=\"wp-block-spacer\"><\/div>\n\n\n\n<figure class=\"wp-block-image size-large\"><a href=\"https:\/\/icbad.ffbad.org\/rencontre\/698245\"><img loading=\"lazy\" decoding=\"async\" width=\"1024\" height=\"68\" src=\"https:\/\/www.mundolsheim-badminton.fr\/wp-content\/uploads\/2026\/04\/E1V3F-1024x68.png\" alt=\"\" class=\"wp-image-4600\" srcset=\"https:\/\/www.mundolsheim-badminton.fr\/wp-content\/uploads\/2026\/04\/E1V3F-1024x68.png 1024w, https:\/\/www.mundolsheim-badminton.fr\/wp-content\/uploads\/2026\/04\/E1V3F-300x20.png 300w, https:\/\/www.mundolsheim-badminton.fr\/wp-content\/uploads\/2026\/04\/E1V3F-768x51.png 768w, https:\/\/www.mundolsheim-badminton.fr\/wp-content\/uploads\/2026\/04\/E1V3F-1536x102.png 1536w, https:\/\/www.mundolsheim-badminton.fr\/wp-content\/uploads\/2026\/04\/E1V3F-2048x137.png 2048w\" sizes=\"auto, (max-width: 1024px) 100vw, 1024px\" \/><\/a><\/figure>\n\n\n\n<div style=\"height:8px\" aria-hidden=\"true\" class=\"wp-block-spacer\"><\/div>\n\n\n\n<div style=\"height:85px\" aria-hidden=\"true\" class=\"wp-block-spacer\"><\/div>\n\n\n\n<p><\/p>\n","protected":false},"excerpt":{"rendered":"<p>Classement R\u00e9sultats &amp; Calendrier Cliquez sur le r\u00e9sultat pour voir le d\u00e9tail de la rencontre<\/p>\n","protected":false},"author":2,"featured_media":0,"parent":0,"menu_order":0,"comment_status":"closed","ping_status":"closed","template":"template-parts\/template-full-width.php","meta":{"footnotes":""},"class_list":["post-65","page","type-page","status-publish","hentry"],"_links":{"self":[{"href":"https:\/\/www.mundolsheim-badminton.fr\/index.php?rest_route=\/wp\/v2\/pages\/65","targetHints":{"allow":["GET"]}}],"collection":[{"href":"https:\/\/www.mundolsheim-badminton.fr\/index.php?rest_route=\/wp\/v2\/pages"}],"about":[{"href":"https:\/\/www.mundolsheim-badminton.fr\/index.php?rest_route=\/wp\/v2\/types\/page"}],"author":[{"embeddable":true,"href":"https:\/\/www.mundolsheim-badminton.fr\/index.php?rest_route=\/wp\/v2\/users\/2"}],"replies":[{"embeddable":true,"href":"https:\/\/www.mundolsheim-badminton.fr\/index.php?rest_route=%2Fwp%2Fv2%2Fcomments&post=65"}],"version-history":[{"count":42,"href":"https:\/\/www.mundolsheim-badminton.fr\/index.php?rest_route=\/wp\/v2\/pages\/65\/revisions"}],"predecessor-version":[{"id":4604,"href":"https:\/\/www.mundolsheim-badminton.fr\/index.php?rest_route=\/wp\/v2\/pages\/65\/revisions\/4604"}],"wp:attachment":[{"href":"https:\/\/www.mundolsheim-badminton.fr\/index.php?rest_route=%2Fwp%2Fv2%2Fmedia&parent=65"}],"curies":[{"name":"wp","href":"https:\/\/api.w.org\/{rel}","templated":true}]}}