{"id":67,"date":"2024-08-23T00:51:57","date_gmt":"2024-08-22T22:51:57","guid":{"rendered":"http:\/\/test2.mundolsheim-badminton.fr\/?page_id=67"},"modified":"2026-04-17T23:50:27","modified_gmt":"2026-04-17T21:50:27","slug":"equipe-2-d2","status":"publish","type":"page","link":"https:\/\/www.mundolsheim-badminton.fr\/?page_id=67","title":{"rendered":"\u00c9quipe 2 &#8211; D1"},"content":{"rendered":"\n<h1 class=\"wp-block-heading\">Classement<\/h1>\n\n\n\n<div style=\"height:8px\" aria-hidden=\"true\" class=\"wp-block-spacer\"><\/div>\n\n\n\n<figure class=\"wp-block-image size-full\"><img loading=\"lazy\" decoding=\"async\" width=\"2560\" height=\"1280\" src=\"https:\/\/www.mundolsheim-badminton.fr\/wp-content\/uploads\/2026\/04\/2-1-scaled.png\" alt=\"\" class=\"wp-image-4608\" srcset=\"https:\/\/www.mundolsheim-badminton.fr\/wp-content\/uploads\/2026\/04\/2-1-scaled.png 2560w, https:\/\/www.mundolsheim-badminton.fr\/wp-content\/uploads\/2026\/04\/2-1-300x150.png 300w, https:\/\/www.mundolsheim-badminton.fr\/wp-content\/uploads\/2026\/04\/2-1-1024x512.png 1024w, https:\/\/www.mundolsheim-badminton.fr\/wp-content\/uploads\/2026\/04\/2-1-768x384.png 768w, https:\/\/www.mundolsheim-badminton.fr\/wp-content\/uploads\/2026\/04\/2-1-1536x768.png 1536w\" sizes=\"auto, (max-width: 2560px) 100vw, 2560px\" \/><\/figure>\n\n\n\n<div style=\"height:8px\" aria-hidden=\"true\" class=\"wp-block-spacer\"><\/div>\n\n\n\n<div style=\"height:87px\" aria-hidden=\"true\" class=\"wp-block-spacer\"><\/div>\n\n\n\n<h1 class=\"wp-block-heading\">R\u00e9sultats &amp; Calendrier<\/h1>\n\n\n\n<p>Cliquez sur le r\u00e9sultat pour voir le d\u00e9tail de la rencontre<\/p>\n\n\n\n<div style=\"height:8px\" aria-hidden=\"true\" class=\"wp-block-spacer\"><\/div>\n\n\n\n<figure class=\"wp-block-image size-large\"><a href=\"https:\/\/icbad.ffbad.org\/rencontre\/702499\"><img loading=\"lazy\" decoding=\"async\" width=\"1024\" height=\"68\" src=\"https:\/\/www.mundolsheim-badminton.fr\/wp-content\/uploads\/2025\/10\/matchsabcmbc-1024x68.png\" alt=\"\" class=\"wp-image-4410\" srcset=\"https:\/\/www.mundolsheim-badminton.fr\/wp-content\/uploads\/2025\/10\/matchsabcmbc-1024x68.png 1024w, https:\/\/www.mundolsheim-badminton.fr\/wp-content\/uploads\/2025\/10\/matchsabcmbc-300x20.png 300w, https:\/\/www.mundolsheim-badminton.fr\/wp-content\/uploads\/2025\/10\/matchsabcmbc-768x51.png 768w, https:\/\/www.mundolsheim-badminton.fr\/wp-content\/uploads\/2025\/10\/matchsabcmbc-1536x102.png 1536w, https:\/\/www.mundolsheim-badminton.fr\/wp-content\/uploads\/2025\/10\/matchsabcmbc-2048x137.png 2048w\" sizes=\"auto, (max-width: 1024px) 100vw, 1024px\" \/><\/a><\/figure>\n\n\n\n<div style=\"height:8px\" aria-hidden=\"true\" class=\"wp-block-spacer\"><\/div>\n\n\n\n<figure class=\"wp-block-image size-large\"><a href=\"https:\/\/icbad.ffbad.org\/rencontre\/702502\"><img loading=\"lazy\" decoding=\"async\" width=\"1024\" height=\"68\" src=\"https:\/\/www.mundolsheim-badminton.fr\/wp-content\/uploads\/2025\/11\/matchs-1024x68.png\" alt=\"\" class=\"wp-image-4432\" srcset=\"https:\/\/www.mundolsheim-badminton.fr\/wp-content\/uploads\/2025\/11\/matchs-1024x68.png 1024w, https:\/\/www.mundolsheim-badminton.fr\/wp-content\/uploads\/2025\/11\/matchs-300x20.png 300w, https:\/\/www.mundolsheim-badminton.fr\/wp-content\/uploads\/2025\/11\/matchs-768x51.png 768w, https:\/\/www.mundolsheim-badminton.fr\/wp-content\/uploads\/2025\/11\/matchs-1536x102.png 1536w, https:\/\/www.mundolsheim-badminton.fr\/wp-content\/uploads\/2025\/11\/matchs-2048x137.png 2048w\" sizes=\"auto, (max-width: 1024px) 100vw, 1024px\" \/><\/a><\/figure>\n\n\n\n<div style=\"height:8px\" aria-hidden=\"true\" class=\"wp-block-spacer\"><\/div>\n\n\n\n<figure class=\"wp-block-image size-large\"><a href=\"https:\/\/icbad.ffbad.org\/rencontre\/702505\"><img loading=\"lazy\" decoding=\"async\" width=\"1024\" height=\"68\" src=\"https:\/\/www.mundolsheim-badminton.fr\/wp-content\/uploads\/2025\/12\/16-1024x68.png\" alt=\"\" class=\"wp-image-4479\" srcset=\"https:\/\/www.mundolsheim-badminton.fr\/wp-content\/uploads\/2025\/12\/16-1024x68.png 1024w, https:\/\/www.mundolsheim-badminton.fr\/wp-content\/uploads\/2025\/12\/16-300x20.png 300w, https:\/\/www.mundolsheim-badminton.fr\/wp-content\/uploads\/2025\/12\/16-768x51.png 768w, https:\/\/www.mundolsheim-badminton.fr\/wp-content\/uploads\/2025\/12\/16-1536x102.png 1536w, https:\/\/www.mundolsheim-badminton.fr\/wp-content\/uploads\/2025\/12\/16-2048x137.png 2048w\" sizes=\"auto, (max-width: 1024px) 100vw, 1024px\" \/><\/a><\/figure>\n\n\n\n<div style=\"height:8px\" aria-hidden=\"true\" class=\"wp-block-spacer\"><\/div>\n\n\n\n<figure class=\"wp-block-image size-large\"><a href=\"https:\/\/icbad.ffbad.org\/rencontre\/702510\"><img loading=\"lazy\" decoding=\"async\" width=\"1024\" height=\"68\" src=\"https:\/\/www.mundolsheim-badminton.fr\/wp-content\/uploads\/2024\/08\/matchsJ4D2-1024x68.png\" alt=\"\" class=\"wp-image-4500\" srcset=\"https:\/\/www.mundolsheim-badminton.fr\/wp-content\/uploads\/2024\/08\/matchsJ4D2-1024x68.png 1024w, https:\/\/www.mundolsheim-badminton.fr\/wp-content\/uploads\/2024\/08\/matchsJ4D2-300x20.png 300w, https:\/\/www.mundolsheim-badminton.fr\/wp-content\/uploads\/2024\/08\/matchsJ4D2-768x51.png 768w, https:\/\/www.mundolsheim-badminton.fr\/wp-content\/uploads\/2024\/08\/matchsJ4D2-1536x102.png 1536w, https:\/\/www.mundolsheim-badminton.fr\/wp-content\/uploads\/2024\/08\/matchsJ4D2-2048x137.png 2048w\" sizes=\"auto, (max-width: 1024px) 100vw, 1024px\" \/><\/a><\/figure>\n\n\n\n<div style=\"height:8px\" aria-hidden=\"true\" class=\"wp-block-spacer\"><\/div>\n\n\n\n<figure class=\"wp-block-image size-large\"><a href=\"https:\/\/icbad.ffbad.org\/rencontre\/702513\"><img loading=\"lazy\" decoding=\"async\" width=\"1024\" height=\"68\" src=\"https:\/\/www.mundolsheim-badminton.fr\/wp-content\/uploads\/2026\/01\/18-1024x68.png\" alt=\"\" class=\"wp-image-4527\" srcset=\"https:\/\/www.mundolsheim-badminton.fr\/wp-content\/uploads\/2026\/01\/18-1024x68.png 1024w, https:\/\/www.mundolsheim-badminton.fr\/wp-content\/uploads\/2026\/01\/18-300x20.png 300w, https:\/\/www.mundolsheim-badminton.fr\/wp-content\/uploads\/2026\/01\/18-768x51.png 768w, https:\/\/www.mundolsheim-badminton.fr\/wp-content\/uploads\/2026\/01\/18-1536x102.png 1536w, https:\/\/www.mundolsheim-badminton.fr\/wp-content\/uploads\/2026\/01\/18-2048x137.png 2048w\" sizes=\"auto, (max-width: 1024px) 100vw, 1024px\" \/><\/a><\/figure>\n\n\n\n<div style=\"height:8px\" aria-hidden=\"true\" class=\"wp-block-spacer\"><\/div>\n\n\n\n<figure class=\"wp-block-image size-large\"><a href=\"https:\/\/icbad.ffbad.org\/rencontre\/702515\"><img loading=\"lazy\" decoding=\"async\" width=\"1024\" height=\"68\" src=\"https:\/\/www.mundolsheim-badminton.fr\/wp-content\/uploads\/2026\/01\/19-1024x68.png\" alt=\"\" class=\"wp-image-4528\" srcset=\"https:\/\/www.mundolsheim-badminton.fr\/wp-content\/uploads\/2026\/01\/19-1024x68.png 1024w, https:\/\/www.mundolsheim-badminton.fr\/wp-content\/uploads\/2026\/01\/19-300x20.png 300w, https:\/\/www.mundolsheim-badminton.fr\/wp-content\/uploads\/2026\/01\/19-768x51.png 768w, https:\/\/www.mundolsheim-badminton.fr\/wp-content\/uploads\/2026\/01\/19-1536x102.png 1536w, https:\/\/www.mundolsheim-badminton.fr\/wp-content\/uploads\/2026\/01\/19-2048x137.png 2048w\" sizes=\"auto, (max-width: 1024px) 100vw, 1024px\" \/><\/a><\/figure>\n\n\n\n<div style=\"height:8px\" aria-hidden=\"true\" class=\"wp-block-spacer\"><\/div>\n\n\n\n<figure class=\"wp-block-image size-large\"><a href=\"https:\/\/icbad.ffbad.org\/rencontre\/702519\"><img loading=\"lazy\" decoding=\"async\" width=\"1024\" height=\"68\" src=\"https:\/\/www.mundolsheim-badminton.fr\/wp-content\/uploads\/2026\/02\/D1J7-1024x68.png\" alt=\"\" class=\"wp-image-4565\" srcset=\"https:\/\/www.mundolsheim-badminton.fr\/wp-content\/uploads\/2026\/02\/D1J7-1024x68.png 1024w, https:\/\/www.mundolsheim-badminton.fr\/wp-content\/uploads\/2026\/02\/D1J7-300x20.png 300w, https:\/\/www.mundolsheim-badminton.fr\/wp-content\/uploads\/2026\/02\/D1J7-768x51.png 768w, https:\/\/www.mundolsheim-badminton.fr\/wp-content\/uploads\/2026\/02\/D1J7-1536x102.png 1536w, https:\/\/www.mundolsheim-badminton.fr\/wp-content\/uploads\/2026\/02\/D1J7-2048x137.png 2048w\" sizes=\"auto, (max-width: 1024px) 100vw, 1024px\" \/><\/a><\/figure>\n\n\n\n<div style=\"height:8px\" aria-hidden=\"true\" class=\"wp-block-spacer\"><\/div>\n\n\n\n<figure class=\"wp-block-image size-large\"><a href=\"https:\/\/icbad.ffbad.org\/rencontre\/702521\"><img loading=\"lazy\" decoding=\"async\" width=\"1024\" height=\"68\" src=\"https:\/\/www.mundolsheim-badminton.fr\/wp-content\/uploads\/2026\/03\/rh-1024x68.png\" alt=\"\" class=\"wp-image-4574\" srcset=\"https:\/\/www.mundolsheim-badminton.fr\/wp-content\/uploads\/2026\/03\/rh-1024x68.png 1024w, https:\/\/www.mundolsheim-badminton.fr\/wp-content\/uploads\/2026\/03\/rh-300x20.png 300w, https:\/\/www.mundolsheim-badminton.fr\/wp-content\/uploads\/2026\/03\/rh-768x51.png 768w, https:\/\/www.mundolsheim-badminton.fr\/wp-content\/uploads\/2026\/03\/rh-1536x102.png 1536w, https:\/\/www.mundolsheim-badminton.fr\/wp-content\/uploads\/2026\/03\/rh-2048x137.png 2048w\" sizes=\"auto, (max-width: 1024px) 100vw, 1024px\" \/><\/a><\/figure>\n\n\n\n<div style=\"height:8px\" aria-hidden=\"true\" class=\"wp-block-spacer\"><\/div>\n\n\n\n<figure class=\"wp-block-image size-large\"><a href=\"https:\/\/icbad.ffbad.org\/rencontre\/702525\"><img loading=\"lazy\" decoding=\"async\" width=\"1024\" height=\"68\" src=\"https:\/\/www.mundolsheim-badminton.fr\/wp-content\/uploads\/2026\/03\/DEVGD-1024x68.png\" alt=\"\" class=\"wp-image-4592\" srcset=\"https:\/\/www.mundolsheim-badminton.fr\/wp-content\/uploads\/2026\/03\/DEVGD-1024x68.png 1024w, https:\/\/www.mundolsheim-badminton.fr\/wp-content\/uploads\/2026\/03\/DEVGD-300x20.png 300w, https:\/\/www.mundolsheim-badminton.fr\/wp-content\/uploads\/2026\/03\/DEVGD-768x51.png 768w, https:\/\/www.mundolsheim-badminton.fr\/wp-content\/uploads\/2026\/03\/DEVGD-1536x102.png 1536w, https:\/\/www.mundolsheim-badminton.fr\/wp-content\/uploads\/2026\/03\/DEVGD-2048x137.png 2048w\" sizes=\"auto, (max-width: 1024px) 100vw, 1024px\" \/><\/a><\/figure>\n\n\n\n<div style=\"height:8px\" aria-hidden=\"true\" class=\"wp-block-spacer\"><\/div>\n\n\n\n<figure class=\"wp-block-image size-large\"><a href=\"https:\/\/icbad.ffbad.org\/rencontre\/702527\"><img loading=\"lazy\" decoding=\"async\" width=\"1024\" height=\"68\" src=\"https:\/\/www.mundolsheim-badminton.fr\/wp-content\/uploads\/2026\/04\/E2BISCH-1024x68.png\" alt=\"\" class=\"wp-image-4605\" srcset=\"https:\/\/www.mundolsheim-badminton.fr\/wp-content\/uploads\/2026\/04\/E2BISCH-1024x68.png 1024w, https:\/\/www.mundolsheim-badminton.fr\/wp-content\/uploads\/2026\/04\/E2BISCH-300x20.png 300w, https:\/\/www.mundolsheim-badminton.fr\/wp-content\/uploads\/2026\/04\/E2BISCH-768x51.png 768w, https:\/\/www.mundolsheim-badminton.fr\/wp-content\/uploads\/2026\/04\/E2BISCH-1536x102.png 1536w, https:\/\/www.mundolsheim-badminton.fr\/wp-content\/uploads\/2026\/04\/E2BISCH-2048x137.png 2048w\" sizes=\"auto, (max-width: 1024px) 100vw, 1024px\" \/><\/a><\/figure>\n\n\n\n<div style=\"height:8px\" aria-hidden=\"true\" class=\"wp-block-spacer\"><\/div>\n\n\n\n<div style=\"height:85px\" aria-hidden=\"true\" class=\"wp-block-spacer\"><\/div>\n","protected":false},"excerpt":{"rendered":"<p>Classement R\u00e9sultats &amp; Calendrier Cliquez sur le r\u00e9sultat pour voir le d\u00e9tail de la rencontre<\/p>\n","protected":false},"author":2,"featured_media":0,"parent":0,"menu_order":0,"comment_status":"closed","ping_status":"closed","template":"template-parts\/template-full-width.php","meta":{"footnotes":""},"class_list":["post-67","page","type-page","status-publish","hentry"],"_links":{"self":[{"href":"https:\/\/www.mundolsheim-badminton.fr\/index.php?rest_route=\/wp\/v2\/pages\/67","targetHints":{"allow":["GET"]}}],"collection":[{"href":"https:\/\/www.mundolsheim-badminton.fr\/index.php?rest_route=\/wp\/v2\/pages"}],"about":[{"href":"https:\/\/www.mundolsheim-badminton.fr\/index.php?rest_route=\/wp\/v2\/types\/page"}],"author":[{"embeddable":true,"href":"https:\/\/www.mundolsheim-badminton.fr\/index.php?rest_route=\/wp\/v2\/users\/2"}],"replies":[{"embeddable":true,"href":"https:\/\/www.mundolsheim-badminton.fr\/index.php?rest_route=%2Fwp%2Fv2%2Fcomments&post=67"}],"version-history":[{"count":53,"href":"https:\/\/www.mundolsheim-badminton.fr\/index.php?rest_route=\/wp\/v2\/pages\/67\/revisions"}],"predecessor-version":[{"id":4609,"href":"https:\/\/www.mundolsheim-badminton.fr\/index.php?rest_route=\/wp\/v2\/pages\/67\/revisions\/4609"}],"wp:attachment":[{"href":"https:\/\/www.mundolsheim-badminton.fr\/index.php?rest_route=%2Fwp%2Fv2%2Fmedia&parent=67"}],"curies":[{"name":"wp","href":"https:\/\/api.w.org\/{rel}","templated":true}]}}