{"id":70,"date":"2024-08-23T00:52:10","date_gmt":"2024-08-22T22:52:10","guid":{"rendered":"http:\/\/test2.mundolsheim-badminton.fr\/?page_id=70"},"modified":"2026-04-17T23:52:06","modified_gmt":"2026-04-17T21:52:06","slug":"equipe-3-d3","status":"publish","type":"page","link":"https:\/\/www.mundolsheim-badminton.fr\/?page_id=70","title":{"rendered":"\u00c9quipe 3 &#8211; D2"},"content":{"rendered":"\n<h1 class=\"wp-block-heading\">Classement<\/h1>\n\n\n\n<div style=\"height:8px\" aria-hidden=\"true\" class=\"wp-block-spacer\"><\/div>\n\n\n\n<figure class=\"wp-block-image size-full\"><img loading=\"lazy\" decoding=\"async\" width=\"2560\" height=\"1280\" src=\"https:\/\/www.mundolsheim-badminton.fr\/wp-content\/uploads\/2026\/04\/3-scaled.png\" alt=\"\" class=\"wp-image-4612\" srcset=\"https:\/\/www.mundolsheim-badminton.fr\/wp-content\/uploads\/2026\/04\/3-scaled.png 2560w, https:\/\/www.mundolsheim-badminton.fr\/wp-content\/uploads\/2026\/04\/3-300x150.png 300w, https:\/\/www.mundolsheim-badminton.fr\/wp-content\/uploads\/2026\/04\/3-1024x512.png 1024w, https:\/\/www.mundolsheim-badminton.fr\/wp-content\/uploads\/2026\/04\/3-768x384.png 768w, https:\/\/www.mundolsheim-badminton.fr\/wp-content\/uploads\/2026\/04\/3-1536x768.png 1536w\" sizes=\"auto, (max-width: 2560px) 100vw, 2560px\" \/><\/figure>\n\n\n\n<div style=\"height:8px\" aria-hidden=\"true\" class=\"wp-block-spacer\"><\/div>\n\n\n\n<div style=\"height:109px\" aria-hidden=\"true\" class=\"wp-block-spacer\"><\/div>\n\n\n\n<h1 class=\"wp-block-heading\">R\u00e9sultats &amp; Calendrier<\/h1>\n\n\n\n<p>Cliquez sur le r\u00e9sultat pour voir le d\u00e9tail de la rencontre<\/p>\n\n\n\n<div style=\"height:8px\" aria-hidden=\"true\" class=\"wp-block-spacer\"><\/div>\n\n\n\n<figure class=\"wp-block-image size-large\"><a href=\"https:\/\/icbad.ffbad.org\/rencontre\/704014\"><img loading=\"lazy\" decoding=\"async\" width=\"1024\" height=\"68\" src=\"https:\/\/www.mundolsheim-badminton.fr\/wp-content\/uploads\/2025\/10\/matchsmbcascs-1024x68.png\" alt=\"\" class=\"wp-image-4408\" srcset=\"https:\/\/www.mundolsheim-badminton.fr\/wp-content\/uploads\/2025\/10\/matchsmbcascs-1024x68.png 1024w, https:\/\/www.mundolsheim-badminton.fr\/wp-content\/uploads\/2025\/10\/matchsmbcascs-300x20.png 300w, https:\/\/www.mundolsheim-badminton.fr\/wp-content\/uploads\/2025\/10\/matchsmbcascs-768x51.png 768w, https:\/\/www.mundolsheim-badminton.fr\/wp-content\/uploads\/2025\/10\/matchsmbcascs-1536x102.png 1536w, https:\/\/www.mundolsheim-badminton.fr\/wp-content\/uploads\/2025\/10\/matchsmbcascs-2048x137.png 2048w\" sizes=\"auto, (max-width: 1024px) 100vw, 1024px\" \/><\/a><\/figure>\n\n\n\n<div style=\"height:8px\" aria-hidden=\"true\" class=\"wp-block-spacer\"><\/div>\n\n\n\n<figure class=\"wp-block-image size-large\"><a href=\"https:\/\/icbad.ffbad.org\/rencontre\/704017\"><img loading=\"lazy\" decoding=\"async\" width=\"1024\" height=\"68\" src=\"https:\/\/www.mundolsheim-badminton.fr\/wp-content\/uploads\/2025\/11\/matchsJ2E3-1024x68.png\" alt=\"\" class=\"wp-image-4444\" srcset=\"https:\/\/www.mundolsheim-badminton.fr\/wp-content\/uploads\/2025\/11\/matchsJ2E3-1024x68.png 1024w, https:\/\/www.mundolsheim-badminton.fr\/wp-content\/uploads\/2025\/11\/matchsJ2E3-300x20.png 300w, https:\/\/www.mundolsheim-badminton.fr\/wp-content\/uploads\/2025\/11\/matchsJ2E3-768x51.png 768w, https:\/\/www.mundolsheim-badminton.fr\/wp-content\/uploads\/2025\/11\/matchsJ2E3-1536x102.png 1536w, https:\/\/www.mundolsheim-badminton.fr\/wp-content\/uploads\/2025\/11\/matchsJ2E3-2048x137.png 2048w\" sizes=\"auto, (max-width: 1024px) 100vw, 1024px\" \/><\/a><\/figure>\n\n\n\n<div style=\"height:8px\" aria-hidden=\"true\" class=\"wp-block-spacer\"><\/div>\n\n\n\n<figure class=\"wp-block-image size-large\"><a href=\"https:\/\/icbad.ffbad.org\/rencontre\/704020\"><img loading=\"lazy\" decoding=\"async\" width=\"1024\" height=\"68\" src=\"https:\/\/www.mundolsheim-badminton.fr\/wp-content\/uploads\/2025\/11\/matchse3j33-1024x68.png\" alt=\"\" class=\"wp-image-4459\" srcset=\"https:\/\/www.mundolsheim-badminton.fr\/wp-content\/uploads\/2025\/11\/matchse3j33-1024x68.png 1024w, https:\/\/www.mundolsheim-badminton.fr\/wp-content\/uploads\/2025\/11\/matchse3j33-300x20.png 300w, https:\/\/www.mundolsheim-badminton.fr\/wp-content\/uploads\/2025\/11\/matchse3j33-768x51.png 768w, https:\/\/www.mundolsheim-badminton.fr\/wp-content\/uploads\/2025\/11\/matchse3j33-1536x102.png 1536w, https:\/\/www.mundolsheim-badminton.fr\/wp-content\/uploads\/2025\/11\/matchse3j33-2048x137.png 2048w\" sizes=\"auto, (max-width: 1024px) 100vw, 1024px\" \/><\/a><\/figure>\n\n\n\n<div style=\"height:8px\" aria-hidden=\"true\" class=\"wp-block-spacer\"><\/div>\n\n\n\n<figure class=\"wp-block-image size-large\"><a href=\"https:\/\/icbad.ffbad.org\/rencontre\/704023\"><img loading=\"lazy\" decoding=\"async\" width=\"1024\" height=\"68\" src=\"https:\/\/www.mundolsheim-badminton.fr\/wp-content\/uploads\/2026\/01\/matchsschilick-1024x68.png\" alt=\"\" class=\"wp-image-4514\" srcset=\"https:\/\/www.mundolsheim-badminton.fr\/wp-content\/uploads\/2026\/01\/matchsschilick-1024x68.png 1024w, https:\/\/www.mundolsheim-badminton.fr\/wp-content\/uploads\/2026\/01\/matchsschilick-300x20.png 300w, https:\/\/www.mundolsheim-badminton.fr\/wp-content\/uploads\/2026\/01\/matchsschilick-768x51.png 768w, https:\/\/www.mundolsheim-badminton.fr\/wp-content\/uploads\/2026\/01\/matchsschilick-1536x102.png 1536w, https:\/\/www.mundolsheim-badminton.fr\/wp-content\/uploads\/2026\/01\/matchsschilick-2048x137.png 2048w\" sizes=\"auto, (max-width: 1024px) 100vw, 1024px\" \/><\/a><\/figure>\n\n\n\n<div style=\"height:8px\" aria-hidden=\"true\" class=\"wp-block-spacer\"><\/div>\n\n\n\n<figure class=\"wp-block-image size-large\"><a href=\"https:\/\/icbad.ffbad.org\/rencontre\/704025\"><img loading=\"lazy\" decoding=\"async\" width=\"1024\" height=\"68\" src=\"https:\/\/www.mundolsheim-badminton.fr\/wp-content\/uploads\/2026\/01\/matchs1-1024x68.png\" alt=\"\" class=\"wp-image-4515\" srcset=\"https:\/\/www.mundolsheim-badminton.fr\/wp-content\/uploads\/2026\/01\/matchs1-1024x68.png 1024w, https:\/\/www.mundolsheim-badminton.fr\/wp-content\/uploads\/2026\/01\/matchs1-300x20.png 300w, https:\/\/www.mundolsheim-badminton.fr\/wp-content\/uploads\/2026\/01\/matchs1-768x51.png 768w, https:\/\/www.mundolsheim-badminton.fr\/wp-content\/uploads\/2026\/01\/matchs1-1536x102.png 1536w, https:\/\/www.mundolsheim-badminton.fr\/wp-content\/uploads\/2026\/01\/matchs1-2048x137.png 2048w\" sizes=\"auto, (max-width: 1024px) 100vw, 1024px\" \/><\/a><\/figure>\n\n\n\n<div style=\"height:8px\" aria-hidden=\"true\" class=\"wp-block-spacer\"><\/div>\n\n\n\n<figure class=\"wp-block-image size-large\"><a href=\"https:\/\/icbad.ffbad.org\/rencontre\/704027\"><img loading=\"lazy\" decoding=\"async\" width=\"1024\" height=\"68\" src=\"https:\/\/www.mundolsheim-badminton.fr\/wp-content\/uploads\/2026\/01\/matchsj6e3-1024x68.png\" alt=\"\" class=\"wp-image-4532\" srcset=\"https:\/\/www.mundolsheim-badminton.fr\/wp-content\/uploads\/2026\/01\/matchsj6e3-1024x68.png 1024w, https:\/\/www.mundolsheim-badminton.fr\/wp-content\/uploads\/2026\/01\/matchsj6e3-300x20.png 300w, https:\/\/www.mundolsheim-badminton.fr\/wp-content\/uploads\/2026\/01\/matchsj6e3-768x51.png 768w, https:\/\/www.mundolsheim-badminton.fr\/wp-content\/uploads\/2026\/01\/matchsj6e3-1536x102.png 1536w, https:\/\/www.mundolsheim-badminton.fr\/wp-content\/uploads\/2026\/01\/matchsj6e3-2048x137.png 2048w\" sizes=\"auto, (max-width: 1024px) 100vw, 1024px\" \/><\/a><\/figure>\n\n\n\n<div style=\"height:8px\" aria-hidden=\"true\" class=\"wp-block-spacer\"><\/div>\n\n\n\n<figure class=\"wp-block-image size-large\"><a href=\"https:\/\/icbad.ffbad.org\/rencontre\/704031\"><img loading=\"lazy\" decoding=\"async\" width=\"1024\" height=\"68\" src=\"https:\/\/www.mundolsheim-badminton.fr\/wp-content\/uploads\/2026\/02\/D2J7-1024x68.png\" alt=\"\" class=\"wp-image-4563\" srcset=\"https:\/\/www.mundolsheim-badminton.fr\/wp-content\/uploads\/2026\/02\/D2J7-1024x68.png 1024w, https:\/\/www.mundolsheim-badminton.fr\/wp-content\/uploads\/2026\/02\/D2J7-300x20.png 300w, https:\/\/www.mundolsheim-badminton.fr\/wp-content\/uploads\/2026\/02\/D2J7-768x51.png 768w, https:\/\/www.mundolsheim-badminton.fr\/wp-content\/uploads\/2026\/02\/D2J7-1536x102.png 1536w, https:\/\/www.mundolsheim-badminton.fr\/wp-content\/uploads\/2026\/02\/D2J7-2048x137.png 2048w\" sizes=\"auto, (max-width: 1024px) 100vw, 1024px\" \/><\/a><\/figure>\n\n\n\n<div style=\"height:8px\" aria-hidden=\"true\" class=\"wp-block-spacer\"><\/div>\n\n\n\n<figure class=\"wp-block-image size-large\"><a href=\"https:\/\/icbad.ffbad.org\/rencontre\/704035\"><img loading=\"lazy\" decoding=\"async\" width=\"1024\" height=\"68\" src=\"https:\/\/www.mundolsheim-badminton.fr\/wp-content\/uploads\/2026\/03\/matchs.pngrhth-1024x68.png\" alt=\"\" class=\"wp-image-4576\" srcset=\"https:\/\/www.mundolsheim-badminton.fr\/wp-content\/uploads\/2026\/03\/matchs.pngrhth-1024x68.png 1024w, https:\/\/www.mundolsheim-badminton.fr\/wp-content\/uploads\/2026\/03\/matchs.pngrhth-300x20.png 300w, https:\/\/www.mundolsheim-badminton.fr\/wp-content\/uploads\/2026\/03\/matchs.pngrhth-768x51.png 768w, https:\/\/www.mundolsheim-badminton.fr\/wp-content\/uploads\/2026\/03\/matchs.pngrhth-1536x102.png 1536w, https:\/\/www.mundolsheim-badminton.fr\/wp-content\/uploads\/2026\/03\/matchs.pngrhth-2048x137.png 2048w\" sizes=\"auto, (max-width: 1024px) 100vw, 1024px\" \/><\/a><\/figure>\n\n\n\n<div style=\"height:8px\" aria-hidden=\"true\" class=\"wp-block-spacer\"><\/div>\n\n\n\n<figure class=\"wp-block-image size-large\"><a href=\"https:\/\/icbad.ffbad.org\/rencontre\/704038\"><img loading=\"lazy\" decoding=\"async\" width=\"1024\" height=\"68\" src=\"https:\/\/www.mundolsheim-badminton.fr\/wp-content\/uploads\/2026\/03\/e3j9-1024x68.png\" alt=\"\" class=\"wp-image-4594\" srcset=\"https:\/\/www.mundolsheim-badminton.fr\/wp-content\/uploads\/2026\/03\/e3j9-1024x68.png 1024w, https:\/\/www.mundolsheim-badminton.fr\/wp-content\/uploads\/2026\/03\/e3j9-300x20.png 300w, https:\/\/www.mundolsheim-badminton.fr\/wp-content\/uploads\/2026\/03\/e3j9-768x51.png 768w, https:\/\/www.mundolsheim-badminton.fr\/wp-content\/uploads\/2026\/03\/e3j9-1536x102.png 1536w, https:\/\/www.mundolsheim-badminton.fr\/wp-content\/uploads\/2026\/03\/e3j9-2048x137.png 2048w\" sizes=\"auto, (max-width: 1024px) 100vw, 1024px\" \/><\/a><\/figure>\n\n\n\n<div style=\"height:8px\" aria-hidden=\"true\" class=\"wp-block-spacer\"><\/div>\n\n\n\n<figure class=\"wp-block-image size-large\"><a href=\"https:\/\/icbad.ffbad.org\/rencontre\/704041\"><img loading=\"lazy\" decoding=\"async\" width=\"1024\" height=\"68\" src=\"https:\/\/www.mundolsheim-badminton.fr\/wp-content\/uploads\/2026\/04\/E3LZMP-1024x68.png\" alt=\"\" class=\"wp-image-4610\" srcset=\"https:\/\/www.mundolsheim-badminton.fr\/wp-content\/uploads\/2026\/04\/E3LZMP-1024x68.png 1024w, https:\/\/www.mundolsheim-badminton.fr\/wp-content\/uploads\/2026\/04\/E3LZMP-300x20.png 300w, https:\/\/www.mundolsheim-badminton.fr\/wp-content\/uploads\/2026\/04\/E3LZMP-768x51.png 768w, https:\/\/www.mundolsheim-badminton.fr\/wp-content\/uploads\/2026\/04\/E3LZMP-1536x102.png 1536w, https:\/\/www.mundolsheim-badminton.fr\/wp-content\/uploads\/2026\/04\/E3LZMP-2048x137.png 2048w\" sizes=\"auto, (max-width: 1024px) 100vw, 1024px\" \/><\/a><\/figure>\n","protected":false},"excerpt":{"rendered":"<p>Classement R\u00e9sultats &amp; Calendrier Cliquez sur le r\u00e9sultat pour voir le d\u00e9tail de la rencontre<\/p>\n","protected":false},"author":2,"featured_media":0,"parent":0,"menu_order":0,"comment_status":"closed","ping_status":"closed","template":"template-parts\/template-full-width.php","meta":{"footnotes":""},"class_list":["post-70","page","type-page","status-publish","hentry"],"_links":{"self":[{"href":"https:\/\/www.mundolsheim-badminton.fr\/index.php?rest_route=\/wp\/v2\/pages\/70","targetHints":{"allow":["GET"]}}],"collection":[{"href":"https:\/\/www.mundolsheim-badminton.fr\/index.php?rest_route=\/wp\/v2\/pages"}],"about":[{"href":"https:\/\/www.mundolsheim-badminton.fr\/index.php?rest_route=\/wp\/v2\/types\/page"}],"author":[{"embeddable":true,"href":"https:\/\/www.mundolsheim-badminton.fr\/index.php?rest_route=\/wp\/v2\/users\/2"}],"replies":[{"embeddable":true,"href":"https:\/\/www.mundolsheim-badminton.fr\/index.php?rest_route=%2Fwp%2Fv2%2Fcomments&post=70"}],"version-history":[{"count":59,"href":"https:\/\/www.mundolsheim-badminton.fr\/index.php?rest_route=\/wp\/v2\/pages\/70\/revisions"}],"predecessor-version":[{"id":4613,"href":"https:\/\/www.mundolsheim-badminton.fr\/index.php?rest_route=\/wp\/v2\/pages\/70\/revisions\/4613"}],"wp:attachment":[{"href":"https:\/\/www.mundolsheim-badminton.fr\/index.php?rest_route=%2Fwp%2Fv2%2Fmedia&parent=70"}],"curies":[{"name":"wp","href":"https:\/\/api.w.org\/{rel}","templated":true}]}}