{"id":72,"date":"2024-08-23T00:52:44","date_gmt":"2024-08-22T22:52:44","guid":{"rendered":"http:\/\/test2.mundolsheim-badminton.fr\/?page_id=72"},"modified":"2025-08-09T00:05:07","modified_gmt":"2025-08-08T22:05:07","slug":"inscriptions","status":"publish","type":"page","link":"https:\/\/www.mundolsheim-badminton.fr\/?page_id=72","title":{"rendered":"Inscriptions"},"content":{"rendered":"\n<p>Rejoignez le Mundolsheim Badminton Club ! D\u00e9couvrez nos modalit\u00e9s d&rsquo;inscription et les diff\u00e9rents avantages \ud83c\udff8<\/p>\n\n\n\n<p>\u27a1\ufe0f <strong>Retrouvez les tarifs sur la page <a href=\"https:\/\/www.mundolsheim-badminton.fr\/?page_id=74\">Tarifs<\/a><\/strong><\/p>\n\n\n\n<h2 class=\"wp-block-heading\">Comment s&rsquo;inscrire ?<\/h2>\n\n\n\n<p>Les inscriptions se font en ligne sur la plateforme de la F\u00e9d\u00e9ration Fran\u00e7aise de Badminton :<\/p>\n\n\n\n<h3 class=\"wp-block-heading\">Vous \u00eates d\u00e9j\u00e0 licenci\u00e9 au club ou dans un autre club affili\u00e9 \u00e0 la FFBaD :<\/h3>\n\n\n\n<p>1. Connectez vous sur le site <a href=\"https:\/\/www.myffbad.fr\/\">www.myffbad.fr<\/a> , qui est votre espace Licenci\u00e9 en tant que membre de la FFBaD. Si vous n&rsquo;avez pas encore de compte, cr\u00e9ez le en reliant votre num\u00e9ro de licence (tout est indiqu\u00e9 sur le site).<\/p>\n\n\n\n<p>2.Une fois connect\u00e9, cliquez sur la rubrique \u00ab\u00a0<a href=\"https:\/\/www.myffbad.fr\/club\/658\">Mon club<\/a>\u00a0\u00bb puis \u00ab\u00a0Renouveler ma licence\u00a0\u00bb.<\/p>\n\n\n\n<p>3.Vous aurez alors acc\u00e8s \u00e0 un formulaire en ligne o\u00f9 tout est enti\u00e8rement centralis\u00e9, tout pour faire votre inscription \u00e0 un seul et m\u00eame endroit. Si vous vous connectez, toutes vos informations seront d\u00e9j\u00e0 pr\u00e9remplies.<\/p>\n\n\n\n<h3 class=\"wp-block-heading\">Vous n&rsquo;avez pas de licence et souhaitez en faire une pour la 1\u00e8re fois :<\/h3>\n\n\n\n<p>1. Inscrivez vous directement sur <a href=\"https:\/\/adherer.myffbad.fr\/MBC67\">https:\/\/adherer.myffbad.fr\/MBC67<\/a> .<\/p>\n\n\n\n<p>2.Vous aurez alors acc\u00e8s \u00e0 un formulaire en ligne o\u00f9 tout est enti\u00e8rement centralis\u00e9, tout pour faire votre inscription \u00e0 un seul et m\u00eame endroit.<\/p>\n\n\n\n<p><strong>Des questions ? Des incompr\u00e9hensions ?<\/strong><\/p>\n\n\n\n<p>Vous disposez de 3 canaux possibles pour r\u00e9pondre \u00e0 vos questions:<\/p>\n\n\n\n<ul class=\"wp-block-list\">\n<li>Le <a href=\"https:\/\/www.mundolsheim-badminton.fr\/?page_id=732\">page FAQ<\/a> pr\u00e9sente sur le site, rubrique Inscriptions<\/li>\n\n\n\n<li>Sur la communaut\u00e9 What&rsquo;s App du club, dans le groupe \u00ab\u00a0Inscriptions 25\/26\u00a0\u00bb<\/li>\n\n\n\n<li>Par mail, \u00e0 l&rsquo;adresse <a href=\"mailto:contact@mundolsheim-badminton.fr\">contact@mundolsheim-badminton.fr<\/a><\/li>\n<\/ul>\n","protected":false},"excerpt":{"rendered":"<p>Rejoignez le Mundolsheim Badminton Club ! D\u00e9couvrez nos modalit\u00e9s d&rsquo;inscription et les diff\u00e9rents avantages \ud83c\udff8 \u27a1\ufe0f Retrouvez les tarifs sur la page Tarifs Comment s&rsquo;inscrire ? Les inscriptions se font en ligne sur la plateforme de la F\u00e9d\u00e9ration Fran\u00e7aise de Badminton : Vous \u00eates d\u00e9j\u00e0 licenci\u00e9 au club ou dans un autre club affili\u00e9 \u00e0 la FFBaD : 1. Connectez vous sur le site www.myffbad.fr , qui est votre espace Licenci\u00e9 en tant que membre de la FFBaD. Si vous n&rsquo;avez pas encore de compte, cr\u00e9ez le en reliant votre num\u00e9ro de licence (tout est indiqu\u00e9 sur le site). 2.Une&#8230; <\/p>\n","protected":false},"author":2,"featured_media":0,"parent":0,"menu_order":0,"comment_status":"closed","ping_status":"closed","template":"template-parts\/template-full-width.php","meta":{"footnotes":""},"class_list":["post-72","page","type-page","status-publish","hentry"],"_links":{"self":[{"href":"https:\/\/www.mundolsheim-badminton.fr\/index.php?rest_route=\/wp\/v2\/pages\/72","targetHints":{"allow":["GET"]}}],"collection":[{"href":"https:\/\/www.mundolsheim-badminton.fr\/index.php?rest_route=\/wp\/v2\/pages"}],"about":[{"href":"https:\/\/www.mundolsheim-badminton.fr\/index.php?rest_route=\/wp\/v2\/types\/page"}],"author":[{"embeddable":true,"href":"https:\/\/www.mundolsheim-badminton.fr\/index.php?rest_route=\/wp\/v2\/users\/2"}],"replies":[{"embeddable":true,"href":"https:\/\/www.mundolsheim-badminton.fr\/index.php?rest_route=%2Fwp%2Fv2%2Fcomments&post=72"}],"version-history":[{"count":25,"href":"https:\/\/www.mundolsheim-badminton.fr\/index.php?rest_route=\/wp\/v2\/pages\/72\/revisions"}],"predecessor-version":[{"id":4198,"href":"https:\/\/www.mundolsheim-badminton.fr\/index.php?rest_route=\/wp\/v2\/pages\/72\/revisions\/4198"}],"wp:attachment":[{"href":"https:\/\/www.mundolsheim-badminton.fr\/index.php?rest_route=%2Fwp%2Fv2%2Fmedia&parent=72"}],"curies":[{"name":"wp","href":"https:\/\/api.w.org\/{rel}","templated":true}]}}