{"id":732,"date":"2018-09-30T10:13:44","date_gmt":"2018-09-30T10:13:44","guid":{"rendered":"http:\/\/localhost\/www\/Mythemes\/modeling\/?page_id=732"},"modified":"2024-11-29T23:12:48","modified_gmt":"2024-11-29T22:12:48","slug":"contact","status":"publish","type":"page","link":"https:\/\/www.mundolsheim-badminton.fr\/?page_id=732","title":{"rendered":"FAQ &amp; Contact"},"content":{"rendered":"\n<h1 class=\"wp-block-heading\">Foire aux questions<\/h1>\n\n\n\n<div style=\"height:44px\" aria-hidden=\"true\" class=\"wp-block-spacer\"><\/div>\n\n\n\n<h3 class=\"wp-block-heading\">Cr\u00e9neaux<\/h3>\n\n\n<style>#sp-ea-2384 .spcollapsing { height: 0; overflow: hidden; transition-property: height;transition-duration: 300ms;}#sp-ea-2384.sp-easy-accordion>.sp-ea-single {margin-bottom: 10px; border: 1px solid #0a0101; }#sp-ea-2384.sp-easy-accordion>.sp-ea-single>.ea-header a {color: #1b76be;}#sp-ea-2384.sp-easy-accordion>.sp-ea-single>.sp-collapse>.ea-body {background: #fff; color: #0a0a0a;}#sp-ea-2384.sp-easy-accordion>.sp-ea-single {background: #f8f7ec;}#sp-ea-2384.sp-easy-accordion>.sp-ea-single>.ea-header a .ea-expand-icon { float: left; color: #50c6d1;font-size: 16px;}<\/style><div id=\"sp_easy_accordion-1725467726\"><div id=\"sp-ea-2384\" class=\"sp-ea-one sp-easy-accordion\" data-ea-active=\"ea-click\" data-ea-mode=\"vertical\" data-preloader=\"\" data-scroll-active-item=\"\" data-offset-to-scroll=\"0\"><div class=\"ea-card sp-ea-single\"><h3 class=\"ea-header\"><a class=\"collapsed\" id=\"ea-header-23840\" role=\"button\" data-sptoggle=\"spcollapse\" data-sptarget=\"#collapse23840\" aria-controls=\"collapse23840\" href=\"#\" aria-expanded=\"false\" tabindex=\"0\"><i aria-hidden=\"true\" role=\"presentation\" class=\"ea-expand-icon eap-icon-ea-expand-plus\"><\/i> Je veux jouer en loisir, \u00e0 quel cr\u00e9neau venir ?<\/a><\/h3><div class=\"sp-collapse spcollapse spcollapse\" id=\"collapse23840\" data-parent=\"#sp-ea-2384\" role=\"region\" aria-labelledby=\"ea-header-23840\"> <div class=\"ea-body\"><h4>Pour les adultes loisirs, nous proposons 4 cr\u00e9neaux hebdomadaires:<\/h4><div>-\u00a0<b>Le lundi soir de 19h30 \u00e0 22h30\u00a0<\/b><i>(Cr\u00e9neau avec le plus de joueurs, loisirs comme comp\u00e9titeurs, id\u00e9al pour tester !)<\/i><\/div><div>-\u00a0<b>Le mercredi soir de 20h \u00e0 22h30<\/b>\u00a0<i>(1 semaine sur 2, <a href=\"http:\/\/mundolsheim-badminton.fr\/?page_id=51\">voir le planning<\/a>)<\/i><\/div><div>-\u00a0<b>Le vendredi soir de 19h30 \u00e0 22h30<\/b>\u00a0<i>(Soir\u00e9e \u00e9galement d\u00e9di\u00e9e aux rencontres \u00e0 domicile de nos \u00e9quipes, ce qui peut r\u00e9duire le nombre de terrains disponibles, <a href=\"http:\/\/mundolsheim-badminton.fr\/?page_id=51\">voir le planning<\/a>)<\/i><\/div><div>-\u00a0<b>Le dimanche matin de 9h30 \u00e0 12h30<\/b> (Cr\u00e9neau le moins rempli, il faudra simplement nous informer en avance par message\/What's App pour que l'on puisse venir vous ouvrir si ce n'est pas le cas \ud83d\ude42 )<\/div><\/div><\/div><\/div><div class=\"ea-card sp-ea-single\"><h3 class=\"ea-header\"><a class=\"collapsed\" id=\"ea-header-23841\" role=\"button\" data-sptoggle=\"spcollapse\" data-sptarget=\"#collapse23841\" aria-controls=\"collapse23841\" href=\"#\" aria-expanded=\"false\" tabindex=\"0\"><i aria-hidden=\"true\" role=\"presentation\" class=\"ea-expand-icon eap-icon-ea-expand-plus\"><\/i> Je dois r\u00e9server ma s\u00e9ance ?<\/a><\/h3><div class=\"sp-collapse spcollapse spcollapse\" id=\"collapse23841\" data-parent=\"#sp-ea-2384\" role=\"region\" aria-labelledby=\"ea-header-23841\"> <div class=\"ea-body\"><p>Non, il n'y a pas besoin de r\u00e9server un cr\u00e9neau en particulier pour venir jouer !<\/p><p>Ce sont des tranches horaires d'ouverture, vous pouvez venir n'importe quand (\u00e0 20h, 20h30, 21h, m\u00eame si le cr\u00e9neau commence \u00e0 19h30), autant de fois que vous voulez !<\/p><\/div><\/div><\/div><\/div><\/div>\n\n\n\n<div style=\"height:44px\" aria-hidden=\"true\" class=\"wp-block-spacer\"><\/div>\n\n\n\n<h3 class=\"wp-block-heading\">Inscriptions<\/h3>\n\n\n<style>#sp-ea-2393 .spcollapsing { height: 0; overflow: hidden; transition-property: height;transition-duration: 300ms;}#sp-ea-2393.sp-easy-accordion>.sp-ea-single {margin-bottom: 10px; border: 1px solid #000000; }#sp-ea-2393.sp-easy-accordion>.sp-ea-single>.ea-header a {color: #1b76be;}#sp-ea-2393.sp-easy-accordion>.sp-ea-single>.sp-collapse>.ea-body {background: #fff; color: #0a0a0a;}#sp-ea-2393.sp-easy-accordion>.sp-ea-single {background: #f8f7ec;}#sp-ea-2393.sp-easy-accordion>.sp-ea-single>.ea-header a .ea-expand-icon { float: left; color: #50c6d1;font-size: 16px;}<\/style><div id=\"sp_easy_accordion-1725469064\"><div id=\"sp-ea-2393\" class=\"sp-ea-one sp-easy-accordion\" data-ea-active=\"ea-click\" data-ea-mode=\"vertical\" data-preloader=\"\" data-scroll-active-item=\"\" data-offset-to-scroll=\"0\"><div class=\"ea-card sp-ea-single\"><h3 class=\"ea-header\"><a class=\"collapsed\" id=\"ea-header-23930\" role=\"button\" data-sptoggle=\"spcollapse\" data-sptarget=\"#collapse23930\" aria-controls=\"collapse23930\" href=\"#\" aria-expanded=\"false\" tabindex=\"0\"><i aria-hidden=\"true\" role=\"presentation\" class=\"ea-expand-icon eap-icon-ea-expand-plus\"><\/i> Comment m'inscrire au club ?<\/a><\/h3><div class=\"sp-collapse spcollapse spcollapse\" id=\"collapse23930\" data-parent=\"#sp-ea-2393\" role=\"region\" aria-labelledby=\"ea-header-23930\"> <div class=\"ea-body\"><p>Vous trouverez toutes les informations concernant l'inscription au club sur la page <a href=\"http:\/\/mundolsheim-badminton.fr\/?page_id=72\">Inscriptions<\/a>.<\/p><\/div><\/div><\/div><div class=\"ea-card sp-ea-single\"><h3 class=\"ea-header\"><a class=\"collapsed\" id=\"ea-header-23931\" role=\"button\" data-sptoggle=\"spcollapse\" data-sptarget=\"#collapse23931\" aria-controls=\"collapse23931\" href=\"#\" aria-expanded=\"false\" tabindex=\"0\"><i aria-hidden=\"true\" role=\"presentation\" class=\"ea-expand-icon eap-icon-ea-expand-plus\"><\/i> Quels documents dois-je remplir et fournir ?<\/a><\/h3><div class=\"sp-collapse spcollapse spcollapse\" id=\"collapse23931\" data-parent=\"#sp-ea-2393\" role=\"region\" aria-labelledby=\"ea-header-23931\"> <div class=\"ea-body\"><p>Il n'est plus n\u00e9cessaire de fournir un certificat m\u00e9dical de moins de 6 mois (sauf exceptions pr\u00e9cis\u00e9s dans le formulaire en ligne).<\/p><p>Les inscriptions se font enti\u00e8rement en ligne sur la plateforme de la FFBaD, rendez-vous sur la page <a href=\"http:\/\/mundolsheim-badminton.fr\/?page_id=72\">Inscriptions<\/a>.<\/p><\/div><\/div><\/div><div class=\"ea-card sp-ea-single\"><h3 class=\"ea-header\"><a class=\"collapsed\" id=\"ea-header-23932\" role=\"button\" data-sptoggle=\"spcollapse\" data-sptarget=\"#collapse23932\" aria-controls=\"collapse23932\" href=\"#\" aria-expanded=\"false\" tabindex=\"0\"><i aria-hidden=\"true\" role=\"presentation\" class=\"ea-expand-icon eap-icon-ea-expand-plus\"><\/i> Comment r\u00e9gler mon inscription ?<\/a><\/h3><div class=\"sp-collapse spcollapse spcollapse\" id=\"collapse23932\" data-parent=\"#sp-ea-2393\" role=\"region\" aria-labelledby=\"ea-header-23932\"> <div class=\"ea-body\"><p>3 moyens de paiement sont possibles:<\/p><ul class=\"wp-block-list\"><li>Par carte bancaire (paiement en 2 ou 3 fois possible)<\/li><li>Par virement (informations n\u00e9cessaires indiqu\u00e9es au moment de payer)<\/li><li>Par ch\u00e8que<\/li><\/ul><\/div><\/div><\/div><div class=\"ea-card sp-ea-single\"><h3 class=\"ea-header\"><a class=\"collapsed\" id=\"ea-header-23933\" role=\"button\" data-sptoggle=\"spcollapse\" data-sptarget=\"#collapse23933\" aria-controls=\"collapse23933\" href=\"#\" aria-expanded=\"false\" tabindex=\"0\"><i aria-hidden=\"true\" role=\"presentation\" class=\"ea-expand-icon eap-icon-ea-expand-plus\"><\/i> Le Pass'Sport est-il accept\u00e9 ?<\/a><\/h3><div class=\"sp-collapse spcollapse spcollapse\" id=\"collapse23933\" data-parent=\"#sp-ea-2393\" role=\"region\" aria-labelledby=\"ea-header-23933\"> <div class=\"ea-body\"><p>Le paiement avec Pass'Sport est accept\u00e9 au club !<\/p><p>Pour l'utiliser, il faudra fournir\/joindre un justificatif PDF dans la zone de d\u00e9p\u00f4t de fichier en ligne, au moment de s\u00e9lectionner la r\u00e9duction \"Pass'Sport\".<\/p><p>Tout est indiqu\u00e9 dans le formulaire en ligne.<\/p><\/div><\/div><\/div><div class=\"ea-card sp-ea-single\"><h3 class=\"ea-header\"><a class=\"collapsed\" id=\"ea-header-23934\" role=\"button\" data-sptoggle=\"spcollapse\" data-sptarget=\"#collapse23934\" aria-controls=\"collapse23934\" href=\"#\" aria-expanded=\"false\" tabindex=\"0\"><i aria-hidden=\"true\" role=\"presentation\" class=\"ea-expand-icon eap-icon-ea-expand-plus\"><\/i> Quelle formule choisir ?<\/a><\/h3><div class=\"sp-collapse spcollapse spcollapse\" id=\"collapse23934\" data-parent=\"#sp-ea-2393\" role=\"region\" aria-labelledby=\"ea-header-23934\"> <div class=\"ea-body\"><p>4 formules sont propos\u00e9es :<\/p><ul><li><strong>Adulte loisir :<\/strong> destin\u00e9e aux adultes souhaitant jouer pendant les cr\u00e9neaux de pratique libre, en d\u00e9tente !<\/li><li><strong>Adulte comp\u00e9titeur :<\/strong> destin\u00e9e aux adultes souhaitant jouer en comp\u00e9tition (tournois ou championnat interclubs) et pendant les cr\u00e9neaux de pratique libre. Permet le remboursement des frais d'inscriptions \u00e0 5 tournois par saison (+ tournoi du club, + Championnat d\u00e9partemental)<\/li><li><strong>Jeune :<\/strong> destin\u00e9e aux jeunes de moins de 18 ans, loisirs comme comp\u00e9titeurs, souhaitant participer aux entra\u00eenements jeunes les lundis, mercredis et vendredis (selon \u00e2ge et niveau) et pendant les cr\u00e9neaux de pratique libre.<\/li><li><strong><b>\u00c9<\/b>tudiant :<\/strong> destin\u00e9e aux \u00e9tudiants de 18 \u00e0 26 ans, loisirs comme comp\u00e9titeurs, souhaitant jouer en comp\u00e9tition (tournois ou championnat interclubs) et pendant les cr\u00e9neaux de pratique libre.<\/li><\/ul><\/div><\/div><\/div><div class=\"ea-card sp-ea-single\"><h3 class=\"ea-header\"><a class=\"collapsed\" id=\"ea-header-23935\" role=\"button\" data-sptoggle=\"spcollapse\" data-sptarget=\"#collapse23935\" aria-controls=\"collapse23935\" href=\"#\" aria-expanded=\"false\" tabindex=\"0\"><i aria-hidden=\"true\" role=\"presentation\" class=\"ea-expand-icon eap-icon-ea-expand-plus\"><\/i> Je souhaite m'inscrire avec un membre de ma famille, y a-t-il des tarifs r\u00e9duits ?<\/a><\/h3><div class=\"sp-collapse spcollapse spcollapse\" id=\"collapse23935\" data-parent=\"#sp-ea-2393\" role=\"region\" aria-labelledby=\"ea-header-23935\"> <div class=\"ea-body\"><p>Oui, une r\u00e9duction de 10% pour les inscriptions familles\/couples sont propos\u00e9es au club.<\/p><p>Il faudra simplement \u00e9crire les noms\/pr\u00e9noms des membres concern\u00e9s au moment de s\u00e9lectionner la r\u00e9duction \"Familles\/couples\" sur le formulaire en ligne.<\/p><p>Chacun des membres d'une famille devra s'inscrire s\u00e9paremment.<\/p><\/div><\/div><\/div><\/div><\/div>\n\n\n\n<div style=\"height:44px\" aria-hidden=\"true\" class=\"wp-block-spacer\"><\/div>\n\n\n\n<h3 class=\"wp-block-heading\">Jeunes<\/h3>\n\n\n<style>#sp-ea-2394 .spcollapsing { height: 0; overflow: hidden; transition-property: height;transition-duration: 300ms;}#sp-ea-2394.sp-easy-accordion>.sp-ea-single {margin-bottom: 10px; border: 1px solid #0a0a0a; }#sp-ea-2394.sp-easy-accordion>.sp-ea-single>.ea-header a {color: #1b76be;}#sp-ea-2394.sp-easy-accordion>.sp-ea-single>.sp-collapse>.ea-body {background: #fff; color: #444;}#sp-ea-2394.sp-easy-accordion>.sp-ea-single {background: #f8f7ec;}#sp-ea-2394.sp-easy-accordion>.sp-ea-single>.ea-header a .ea-expand-icon { float: left; color: #50c6d1;font-size: 16px;}<\/style><div id=\"sp_easy_accordion-1725469327\"><div id=\"sp-ea-2394\" class=\"sp-ea-one sp-easy-accordion\" data-ea-active=\"ea-click\" data-ea-mode=\"vertical\" data-preloader=\"\" data-scroll-active-item=\"\" data-offset-to-scroll=\"0\"><div class=\"ea-card sp-ea-single\"><h3 class=\"ea-header\"><a class=\"collapsed\" id=\"ea-header-23940\" role=\"button\" data-sptoggle=\"spcollapse\" data-sptarget=\"#collapse23940\" aria-controls=\"collapse23940\" href=\"#\" aria-expanded=\"false\" tabindex=\"0\"><i aria-hidden=\"true\" role=\"presentation\" class=\"ea-expand-icon eap-icon-ea-expand-plus\"><\/i> Je souhaite inscrire mon enfant, \u00e0 quel cr\u00e9neau venir ?<\/a><\/h3><div class=\"sp-collapse spcollapse spcollapse\" id=\"collapse23940\" data-parent=\"#sp-ea-2394\" role=\"region\" aria-labelledby=\"ea-header-23940\"> <div class=\"ea-body\"><div>Pour les jeunes, 5 cr\u00e9neaux d'entra\u00eenements sont propos\u00e9s, diff\u00e9renci\u00e9s par \u00e2ge et niveau:<\/div><div><\/div><div><div class=\"x11i5rnm xat24cr x1mh8g0r x1vvkbs xtlvy1s x126k92a\"><div dir=\"auto\"><span class=\"html-span xexx8yu x4uap5 x18d9i69 xkhd6sd x1hl2dhg x16tdsg8 x1vvkbs x3nfvp2 x1j61x8r x1fcty0u xdj266r xat24cr xgzva0m xhhsvwb xxymvpz xlup9mm x1kky2od\"><img loading=\"lazy\" decoding=\"async\" class=\"xz74otr\" src=\"https:\/\/static.xx.fbcdn.net\/images\/emoji.php\/v9\/tfc\/1\/16\/1f7e2.png\" alt=\"\" width=\"16\" height=\"16\" \/><\/span> <strong>Lundi, \u00e0 partir de 10 ans :<\/strong><\/div><\/div><div class=\"x11i5rnm xat24cr x1mh8g0r x1vvkbs xtlvy1s x126k92a\"><div dir=\"auto\">- 18h-19h30 : S\u00e9ance pour tous les jeunes, principalement motiv\u00e9s pour \u00eatre comp\u00e9titeurs<\/div><div dir=\"auto\"><\/div><\/div><div class=\"x11i5rnm xat24cr x1mh8g0r x1vvkbs xtlvy1s x126k92a\"><div dir=\"auto\"><span class=\"html-span xexx8yu x4uap5 x18d9i69 xkhd6sd x1hl2dhg x16tdsg8 x1vvkbs x3nfvp2 x1j61x8r x1fcty0u xdj266r xat24cr xgzva0m xhhsvwb xxymvpz xlup9mm x1kky2od\"><img loading=\"lazy\" decoding=\"async\" class=\"xz74otr\" src=\"https:\/\/static.xx.fbcdn.net\/images\/emoji.php\/v9\/t7b\/1\/16\/1f7e1.png\" alt=\"\" width=\"16\" height=\"16\" \/><\/span> <strong>Mercredi, de 6 \u00e0 12 ans :<\/strong><\/div><\/div><div class=\"x11i5rnm xat24cr x1mh8g0r x1vvkbs xtlvy1s x126k92a\"><div dir=\"auto\">- 15h-15h45 : S\u00e9ance individuelle sur invitation (Espoirs)<\/div><\/div><div class=\"x11i5rnm xat24cr x1mh8g0r x1vvkbs xtlvy1s x126k92a\"><div dir=\"auto\">- 15h45-17h : S\u00e9ance performance (Niveau avanc\u00e9)<\/div><\/div><div class=\"x11i5rnm xat24cr x1mh8g0r x1vvkbs xtlvy1s x126k92a\"><div dir=\"auto\">- 17h-18h : S\u00e9ance initiation (Niveau d\u00e9butant)<\/div><div dir=\"auto\"><strong>\u26a0\ufe0fLes deux premi\u00e8res s\u00e9ances auront lieu les mercredis 3 et 10 septembre de 16h \u00e0 18h, afin constituer les groupes de niveaux (et donc horaires) pour la suite de la saison. \u26a0\ufe0f<\/strong><\/div><div dir=\"auto\"><\/div><\/div><div class=\"x11i5rnm xat24cr x1mh8g0r x1vvkbs xtlvy1s x126k92a\"><div dir=\"auto\"><span class=\"html-span xexx8yu x4uap5 x18d9i69 xkhd6sd x1hl2dhg x16tdsg8 x1vvkbs x3nfvp2 x1j61x8r x1fcty0u xdj266r xat24cr xgzva0m xhhsvwb xxymvpz xlup9mm x1kky2od\"><img loading=\"lazy\" decoding=\"async\" class=\"xz74otr\" src=\"https:\/\/static.xx.fbcdn.net\/images\/emoji.php\/v9\/t6e\/1\/16\/1f534.png\" alt=\"\" width=\"16\" height=\"16\" \/><\/span> <strong>Vendredi, \u00e0 partir de 10 ans :<\/strong><\/div><\/div><div class=\"x11i5rnm xat24cr x1mh8g0r x1vvkbs xtlvy1s x126k92a\"><div dir=\"auto\">- 18h15-20h : S\u00e9ance pour tous les jeunes, comp\u00e9titeurs et non comp\u00e9titeurs<\/div><\/div><\/div><\/div><\/div><\/div><div class=\"ea-card sp-ea-single\"><h3 class=\"ea-header\"><a class=\"collapsed\" id=\"ea-header-23941\" role=\"button\" data-sptoggle=\"spcollapse\" data-sptarget=\"#collapse23941\" aria-controls=\"collapse23941\" href=\"#\" aria-expanded=\"false\" tabindex=\"0\"><i aria-hidden=\"true\" role=\"presentation\" class=\"ea-expand-icon eap-icon-ea-expand-plus\"><\/i> Est-il oblig\u00e9 de faire de la comp\u00e9tition ?<\/a><\/h3><div class=\"sp-collapse spcollapse spcollapse\" id=\"collapse23941\" data-parent=\"#sp-ea-2394\" role=\"region\" aria-labelledby=\"ea-header-23941\"> <div class=\"ea-body\"><p>Non, personne n'est oblig\u00e9 de faire de la comp\u00e9tition, c'est ouvert \u00e0 tous !<\/p><p>Pour y participer, il faut se rapprocher de l'encadrant du cr\u00e9neau.<\/p><\/div><\/div><\/div><div class=\"ea-card sp-ea-single\"><h3 class=\"ea-header\"><a class=\"collapsed\" id=\"ea-header-23942\" role=\"button\" data-sptoggle=\"spcollapse\" data-sptarget=\"#collapse23942\" aria-controls=\"collapse23942\" href=\"#\" aria-expanded=\"false\" tabindex=\"0\"><i aria-hidden=\"true\" role=\"presentation\" class=\"ea-expand-icon eap-icon-ea-expand-plus\"><\/i> Qui encadre les cr\u00e9neaux jeunes ?<\/a><\/h3><div class=\"sp-collapse spcollapse spcollapse\" id=\"collapse23942\" data-parent=\"#sp-ea-2394\" role=\"region\" aria-labelledby=\"ea-header-23942\"> <div class=\"ea-body\"><p><strong>Lundi :<\/strong> Philippe Roser (alias Philou), membre b\u00e9n\u00e9vole du club depuis 3 ans<\/p><p><strong>Mercredi :<\/strong> Christophe Montoya (alias Krys Coach), entra\u00eeneur certifi\u00e9, membre du club depuis 25 ans, travaillant \u00e0 la Ligue du Grand Est de Badminton<\/p><p><strong>Vendredi :<\/strong> Emmanuel Ruiz (alias Manu), membre b\u00e9n\u00e9vole depuis 25 ans et pr\u00e9sident du club depuis 15 ans<\/p><\/div><\/div><\/div><div class=\"ea-card sp-ea-single\"><h3 class=\"ea-header\"><a class=\"collapsed\" id=\"ea-header-23943\" role=\"button\" data-sptoggle=\"spcollapse\" data-sptarget=\"#collapse23943\" aria-controls=\"collapse23943\" href=\"#\" aria-expanded=\"false\" tabindex=\"0\"><i aria-hidden=\"true\" role=\"presentation\" class=\"ea-expand-icon eap-icon-ea-expand-plus\"><\/i> Existe t-il des r\u00e9compenses et certifications de niveau ? (Ceintures au judo, flocons au ski, etc.)<\/a><\/h3><div class=\"sp-collapse spcollapse spcollapse\" id=\"collapse23943\" data-parent=\"#sp-ea-2394\" role=\"region\" aria-labelledby=\"ea-header-23943\"> <div class=\"ea-body\"><p>Bien s\u00fbr, c'est le Pass'Bad et les plumes de toutes les couleurs, de la plume blanche \u00e0 la plume rouge !<\/p><p>Plus d'informations sur la page <a href=\"http:\/\/mundolsheim-badminton.fr\/?page_id=61\">Pass'Bad<\/a>.<\/p><\/div><\/div><\/div><div class=\"ea-card sp-ea-single\"><h3 class=\"ea-header\"><a class=\"collapsed\" id=\"ea-header-23944\" role=\"button\" data-sptoggle=\"spcollapse\" data-sptarget=\"#collapse23944\" aria-controls=\"collapse23944\" href=\"#\" aria-expanded=\"false\" tabindex=\"0\"><i aria-hidden=\"true\" role=\"presentation\" class=\"ea-expand-icon eap-icon-ea-expand-plus\"><\/i> Comment faire de la comp\u00e9tition chez les jeunes ?<\/a><\/h3><div class=\"sp-collapse spcollapse spcollapse\" id=\"collapse23944\" data-parent=\"#sp-ea-2394\" role=\"region\" aria-labelledby=\"ea-header-23944\"> <div class=\"ea-body\"><p>Chez les jeunes, il y a le Circuit Jeunes !<\/p><p>C'est un championnat d\u00e9partemental qui se d\u00e9roule 1 dimanche par mois sur une 1\/2 journ\u00e9e.<\/p><p>Les jeunes jouent contre d'autres jeunes de leur \u00e2ge et de leur niveau, pour enfin se qualifier pour un dimanche final sous forme de tournoi.<\/p><p>Plus d'informations sur la page <a href=\"http:\/\/mundolsheim-badminton.fr\/?page_id=63\">Circuit Jeunes<\/a>.<\/p><\/div><\/div><\/div><div class=\"ea-card sp-ea-single\"><h3 class=\"ea-header\"><a class=\"collapsed\" id=\"ea-header-23945\" role=\"button\" data-sptoggle=\"spcollapse\" data-sptarget=\"#collapse23945\" aria-controls=\"collapse23945\" href=\"#\" aria-expanded=\"false\" tabindex=\"0\"><i aria-hidden=\"true\" role=\"presentation\" class=\"ea-expand-icon eap-icon-ea-expand-plus\"><\/i> Je suis un parent, je peux accompagner mon enfant pour jouer ?<\/a><\/h3><div class=\"sp-collapse spcollapse spcollapse\" id=\"collapse23945\" data-parent=\"#sp-ea-2394\" role=\"region\" aria-labelledby=\"ea-header-23945\"> <div class=\"ea-body\"><p>Pour les cr\u00e9neaux de jeu libre en semaine+weekend, il faudra se munir d'une licence \"Adulte Loisir\".<\/p><p>Si vous souhaitez uniquement accompagner et jouer avec votre enfant sur le cr\u00e9neau du dimanche matin, vous pouvez vous inscrire via la licence \"Parent accompagnateur\", une licence \u00e0 tarif r\u00e9duit (80\u20ac) mais obligatoire (assurances).<\/p><p>Pour cela, merci de contacter directement un membre du bureau par message\/en pr\u00e9sentiel ou bien envoyer un mail \u00e0 contact@mundolsheim-badminton.fr<\/p><\/div><\/div><\/div><\/div><\/div>\n\n\n\n<div style=\"height:44px\" aria-hidden=\"true\" class=\"wp-block-spacer\"><\/div>\n\n\n\n<h3 class=\"wp-block-heading\">Adultes<\/h3>\n\n\n<style>#sp-ea-2395 .spcollapsing { height: 0; overflow: hidden; transition-property: height;transition-duration: 300ms;}#sp-ea-2395.sp-easy-accordion>.sp-ea-single {margin-bottom: 10px; border: 1px solid #000000; }#sp-ea-2395.sp-easy-accordion>.sp-ea-single>.ea-header a {color: #1b76be;}#sp-ea-2395.sp-easy-accordion>.sp-ea-single>.sp-collapse>.ea-body {background: #fff; color: #444;}#sp-ea-2395.sp-easy-accordion>.sp-ea-single {background: #f8f7ec;}#sp-ea-2395.sp-easy-accordion>.sp-ea-single>.ea-header a .ea-expand-icon { float: left; color: #50c6d1;font-size: 16px;}<\/style><div id=\"sp_easy_accordion-1725469515\"><div id=\"sp-ea-2395\" class=\"sp-ea-one sp-easy-accordion\" data-ea-active=\"ea-click\" data-ea-mode=\"vertical\" data-preloader=\"\" data-scroll-active-item=\"\" data-offset-to-scroll=\"0\"><div class=\"ea-card sp-ea-single\"><h3 class=\"ea-header\"><a class=\"collapsed\" id=\"ea-header-23950\" role=\"button\" data-sptoggle=\"spcollapse\" data-sptarget=\"#collapse23950\" aria-controls=\"collapse23950\" href=\"#\" aria-expanded=\"false\" tabindex=\"0\"><i aria-hidden=\"true\" role=\"presentation\" class=\"ea-expand-icon eap-icon-ea-expand-plus\"><\/i> Je veux faire un tournoi, comment faire ?<\/a><\/h3><div class=\"sp-collapse spcollapse spcollapse\" id=\"collapse23950\" data-parent=\"#sp-ea-2395\" role=\"region\" aria-labelledby=\"ea-header-23950\"> <div class=\"ea-body\"><p>Pour s'inscrire \u00e0 un tournoi, il faut se rendre sur le site <a href=\"https:\/\/badnet.fr\/\">Badnet<\/a> ou bien t\u00e9l\u00e9charger l'application <a href=\"https:\/\/ebad.fr\/\">Ebad<\/a>.<\/p><p>Dessus, vous trouverez la liste des tournois proches de chez vous et pourrez vous y inscrire.<\/p><p>En tournoi, il faut penser \u00e0 plusieurs choses:<\/p><ul><li>Pointer d\u00e8s son arriv\u00e9e \u00e0 la table de marque<\/li><li>Avoir 2 raquettes minimum, au cas o\u00f9 le cordage de la 1\u00e8re casserait.<\/li><li>Avoir une bo\u00eete de volants neufs (type RLS3, que vous pouvez <a href=\"http:\/\/mundolsheim-badminton.fr\/?page_id=57\">acheter au club<\/a>), car vous devez fournir des volants pour jouer.<\/li><\/ul><p>Si vous avez une licence \"Adulte Comp\u00e9titeur\" ou \"\u00e9tudiant\", pensez \u00e0 conserver votre justificatif de paiement, les frais d'inscriptions sont pris en charges par le club 5 fois par saison.<\/p><p>Vous retrouverez aussi le calendrier des tournois sur le <i><a href=\"http:\/\/mundolsheim-badminton.fr\/?page_id=51\">planning<\/a><\/i>\u00a0ou bien sur la page <a href=\"http:\/\/mundolsheim-badminton.fr\/?page_id=89\">tournois<\/a>.<\/p><\/div><\/div><\/div><div class=\"ea-card sp-ea-single\"><h3 class=\"ea-header\"><a class=\"collapsed\" id=\"ea-header-23951\" role=\"button\" data-sptoggle=\"spcollapse\" data-sptarget=\"#collapse23951\" aria-controls=\"collapse23951\" href=\"#\" aria-expanded=\"false\" tabindex=\"0\"><i aria-hidden=\"true\" role=\"presentation\" class=\"ea-expand-icon eap-icon-ea-expand-plus\"><\/i> Je veux faire des interclubs, comment faire ?<\/a><\/h3><div class=\"sp-collapse spcollapse spcollapse\" id=\"collapse23951\" data-parent=\"#sp-ea-2395\" role=\"region\" aria-labelledby=\"ea-header-23951\"> <div class=\"ea-body\"><p>La saison ayant d\u00e9j\u00e0 commenc\u00e9e, il n'y a actuellement plus de places \u00e0 pourvoir en Interclubs (sauf exception, \u00e0 voir avec les capitaines concern\u00e9s).<\/p><p>Cependant, pour la saison prochaine, il faudra vous signaler aupr\u00e8s du club et les diff\u00e9rentes \u00e9quipes seront faites en cons\u00e9quences.<\/p><p>Il y a une dizaine de soir\u00e9es de matchs par saison, tous en semaine (sauf niveau r\u00e9gional), sous forme de championnat (les meilleurs acc\u00e9dant \u00e0 la division sup\u00e9rieure, les moins bons, l'inf\u00e9rieure).<\/p><\/div><\/div><\/div><div class=\"ea-card sp-ea-single\"><h3 class=\"ea-header\"><a class=\"collapsed\" id=\"ea-header-23952\" role=\"button\" data-sptoggle=\"spcollapse\" data-sptarget=\"#collapse23952\" aria-controls=\"collapse23952\" href=\"#\" aria-expanded=\"false\" tabindex=\"0\"><i aria-hidden=\"true\" role=\"presentation\" class=\"ea-expand-icon eap-icon-ea-expand-plus\"><\/i> Je veux m'entrainer, comment faire ?<\/a><\/h3><div class=\"sp-collapse spcollapse spcollapse\" id=\"collapse23952\" data-parent=\"#sp-ea-2395\" role=\"region\" aria-labelledby=\"ea-header-23952\"> <div class=\"ea-body\"><p>L'entra\u00eenement Adulte Comp\u00e9titeur a lieu le mercredi soir de 20h \u00e0 22h, 1 semaine sur 2 (calendrier \u00e0 voir dans le <i><a href=\"http:\/\/mundolsheim-badminton.fr\/?page_id=51\">planning<\/a><\/i>).<\/p><p>Il est encadr\u00e9 par Christophe Montoya (alias Krys Coach), entra\u00eeneur certifi\u00e9, membre du club depuis 15 ans, travaillant \u00e0 la Ligue du Grand Est de Badminton.<\/p><p>Il n'est pas propos\u00e9 dans les formules de base, mais en suppl\u00e9ment payant \u00e0 la hauteur de 50\u20ac par saison (Plus d'informations sur la page <a href=\"http:\/\/mundolsheim-badminton.fr\/?page_id=72\">Inscriptions<\/a>).<\/p><p>&nbsp;<\/p><p>Pour la saison 2025-2026, un nouvel entra\u00eenement destin\u00e9 aux Adultes Loisirs pour s'initier et se perfectionner aura lieu 1 vendredi par mois, toujours dirig\u00e9s par Christophe.<\/p><p>Le d\u00e9tail des d\u00e9tails sera bient\u00f4t communiqu\u00e9.<\/p><\/div><\/div><\/div><\/div><\/div>\n\n\n\n<div style=\"height:44px\" aria-hidden=\"true\" class=\"wp-block-spacer\"><\/div>\n","protected":false},"excerpt":{"rendered":"<p>Foire aux questions Cr\u00e9neaux Inscriptions Jeunes Adultes<\/p>\n","protected":false},"author":2,"featured_media":0,"parent":0,"menu_order":0,"comment_status":"closed","ping_status":"closed","template":"template-parts\/template-contact.php","meta":{"footnotes":""},"class_list":["post-732","page","type-page","status-publish","hentry"],"_links":{"self":[{"href":"https:\/\/www.mundolsheim-badminton.fr\/index.php?rest_route=\/wp\/v2\/pages\/732","targetHints":{"allow":["GET"]}}],"collection":[{"href":"https:\/\/www.mundolsheim-badminton.fr\/index.php?rest_route=\/wp\/v2\/pages"}],"about":[{"href":"https:\/\/www.mundolsheim-badminton.fr\/index.php?rest_route=\/wp\/v2\/types\/page"}],"author":[{"embeddable":true,"href":"https:\/\/www.mundolsheim-badminton.fr\/index.php?rest_route=\/wp\/v2\/users\/2"}],"replies":[{"embeddable":true,"href":"https:\/\/www.mundolsheim-badminton.fr\/index.php?rest_route=%2Fwp%2Fv2%2Fcomments&post=732"}],"version-history":[{"count":11,"href":"https:\/\/www.mundolsheim-badminton.fr\/index.php?rest_route=\/wp\/v2\/pages\/732\/revisions"}],"predecessor-version":[{"id":3869,"href":"https:\/\/www.mundolsheim-badminton.fr\/index.php?rest_route=\/wp\/v2\/pages\/732\/revisions\/3869"}],"wp:attachment":[{"href":"https:\/\/www.mundolsheim-badminton.fr\/index.php?rest_route=%2Fwp%2Fv2%2Fmedia&parent=732"}],"curies":[{"name":"wp","href":"https:\/\/api.w.org\/{rel}","templated":true}]}}