{"id":74,"date":"2024-08-23T00:52:51","date_gmt":"2024-08-22T22:52:51","guid":{"rendered":"http:\/\/test2.mundolsheim-badminton.fr\/?page_id=74"},"modified":"2025-11-25T00:02:50","modified_gmt":"2025-11-24T23:02:50","slug":"tarifs","status":"publish","type":"page","link":"https:\/\/www.mundolsheim-badminton.fr\/?page_id=74","title":{"rendered":"Tarifs"},"content":{"rendered":"\n<div style=\"height:14px\" aria-hidden=\"true\" class=\"wp-block-spacer\"><\/div>\n\n\n\n<figure class=\"wp-block-image size-full\"><img decoding=\"async\" src=\"https:\/\/www.mundolsheim-badminton.fr\/wp-content\/uploads\/2025\/07\/1-1.png\" alt=\"\" class=\"wp-image-4159\"\/><\/figure>\n\n\n\n<div style=\"height:10px\" aria-hidden=\"true\" class=\"wp-block-spacer\"><\/div>\n\n\n\n<figure class=\"wp-block-image size-full\"><img decoding=\"async\" src=\"https:\/\/www.mundolsheim-badminton.fr\/wp-content\/uploads\/2025\/07\/2-1.png\" alt=\"\" class=\"wp-image-4161\"\/><\/figure>\n\n\n\n<div style=\"height:10px\" aria-hidden=\"true\" class=\"wp-block-spacer\"><\/div>\n\n\n\n<figure class=\"wp-block-image size-full\"><img decoding=\"async\" src=\"https:\/\/www.mundolsheim-badminton.fr\/wp-content\/uploads\/2025\/07\/3-1.png\" alt=\"\" class=\"wp-image-4162\"\/><\/figure>\n\n\n\n<div style=\"height:10px\" aria-hidden=\"true\" class=\"wp-block-spacer\"><\/div>\n\n\n\n<figure class=\"wp-block-image size-full\"><img decoding=\"async\" src=\"https:\/\/www.mundolsheim-badminton.fr\/wp-content\/uploads\/2025\/08\/Tarifs-MBC-4.png\" alt=\"\" class=\"wp-image-4193\"\/><\/figure>\n\n\n\n<div style=\"height:10px\" aria-hidden=\"true\" class=\"wp-block-spacer\"><\/div>\n\n\n\n<figure class=\"wp-block-image size-full\"><img decoding=\"async\" src=\"https:\/\/www.mundolsheim-badminton.fr\/wp-content\/uploads\/2025\/07\/4-4.png\" alt=\"\" class=\"wp-image-4164\"\/><\/figure>\n\n\n\n<div style=\"height:10px\" aria-hidden=\"true\" class=\"wp-block-spacer\"><\/div>\n\n\n\n<figure class=\"wp-block-image size-full\"><img decoding=\"async\" src=\"https:\/\/www.mundolsheim-badminton.fr\/wp-content\/uploads\/2025\/11\/Tarifs-MBCpac.png\" alt=\"\" class=\"wp-image-4463\"\/><\/figure>\n\n\n\n<div style=\"height:10px\" aria-hidden=\"true\" class=\"wp-block-spacer\"><\/div>\n\n\n\n<figure class=\"wp-block-image size-full\"><img loading=\"lazy\" decoding=\"async\" width=\"2560\" height=\"341\" src=\"https:\/\/www.mundolsheim-badminton.fr\/wp-content\/uploads\/2025\/08\/Tarifs-MBC-10-scaled.png\" alt=\"\" class=\"wp-image-4185\" srcset=\"https:\/\/www.mundolsheim-badminton.fr\/wp-content\/uploads\/2025\/08\/Tarifs-MBC-10-scaled.png 2560w, https:\/\/www.mundolsheim-badminton.fr\/wp-content\/uploads\/2025\/08\/Tarifs-MBC-10-300x40.png 300w, https:\/\/www.mundolsheim-badminton.fr\/wp-content\/uploads\/2025\/08\/Tarifs-MBC-10-1024x137.png 1024w, https:\/\/www.mundolsheim-badminton.fr\/wp-content\/uploads\/2025\/08\/Tarifs-MBC-10-768x102.png 768w, https:\/\/www.mundolsheim-badminton.fr\/wp-content\/uploads\/2025\/08\/Tarifs-MBC-10-1536x205.png 1536w, https:\/\/www.mundolsheim-badminton.fr\/wp-content\/uploads\/2025\/08\/Tarifs-MBC-10-2048x273.png 2048w\" sizes=\"auto, (max-width: 2560px) 100vw, 2560px\" \/><\/figure>\n\n\n\n<hr class=\"wp-block-separator has-text-color has-alpha-channel-opacity has-background is-style-dots\" style=\"background-color:#f8f7ec;color:#f8f7ec\"\/>\n\n\n\n<p>\ud83e\uddee <strong>Reversement vers les instances F\u00e9d\u00e9rales et Ligue Grand Est<\/strong><\/p>\n\n\n\n<p>Sommes revers\u00e9es par le club aux diff\u00e9rentes instances pour chaque licence enregistr\u00e9e au club :<\/p>\n\n\n\n<figure class=\"wp-block-table\"><table class=\"has-black-color has-text-color has-background has-link-color has-fixed-layout\" style=\"background-color:#f7f6eb26\"><tbody><tr><td class=\"has-text-align-center\" data-align=\"center\"><strong>LICENCES<\/strong><\/td><td class=\"has-text-align-center\" data-align=\"center\"><strong>FFBAD + 100%BAD<\/strong><\/td><td class=\"has-text-align-center\" data-align=\"center\"><strong>LIGUE GRAND EST BAD<\/strong><\/td><td class=\"has-text-align-center\" data-align=\"center\"><strong>COMIT\u00c9 67<\/strong><\/td><td class=\"has-text-align-center\" data-align=\"center\"><strong>TOTAL<\/strong><\/td><\/tr><tr><td class=\"has-text-align-center\" data-align=\"center\"><strong>Adultes<\/strong><\/td><td class=\"has-text-align-center\" data-align=\"center\">31,57 \u20ac<\/td><td class=\"has-text-align-center\" data-align=\"center\">20,95 \u20ac<\/td><td class=\"has-text-align-center\" data-align=\"center\">5,00 \u20ac<\/td><td class=\"has-text-align-center\" data-align=\"center\"><strong>57.52 \u20ac<\/strong><\/td><\/tr><tr><td class=\"has-text-align-center\" data-align=\"center\"><strong>Jeunes<\/strong><\/td><td class=\"has-text-align-center\" data-align=\"center\">25,97 \u20ac<\/td><td class=\"has-text-align-center\" data-align=\"center\">17,95 \u20ac<\/td><td class=\"has-text-align-center\" data-align=\"center\">5,00 \u20ac<\/td><td class=\"has-text-align-center\" data-align=\"center\"><strong>48.92 \u20ac<\/strong><\/td><\/tr><tr><td class=\"has-text-align-center\" data-align=\"center\"><strong>&#8211; 9 ans<\/strong><\/td><td class=\"has-text-align-center\" data-align=\"center\">13,73 \u20ac<\/td><td class=\"has-text-align-center\" data-align=\"center\">9,12 \u20ac<\/td><td class=\"has-text-align-center\" data-align=\"center\">5,00 \u20ac<\/td><td class=\"has-text-align-center\" data-align=\"center\"><strong>25.35 \u20ac<\/strong><\/td><\/tr><\/tbody><\/table><\/figure>\n","protected":false},"excerpt":{"rendered":"<p>\ud83e\uddee Reversement vers les instances F\u00e9d\u00e9rales et Ligue Grand Est Sommes revers\u00e9es par le club aux diff\u00e9rentes instances pour chaque licence enregistr\u00e9e au club : LICENCES FFBAD + 100%BAD LIGUE GRAND EST BAD COMIT\u00c9 67 TOTAL Adultes 31,57 \u20ac 20,95 \u20ac 5,00 \u20ac 57.52 \u20ac Jeunes 25,97 \u20ac 17,95 \u20ac 5,00 \u20ac 48.92 \u20ac &#8211; 9 ans 13,73 \u20ac 9,12 \u20ac 5,00 \u20ac 25.35 \u20ac<\/p>\n","protected":false},"author":2,"featured_media":0,"parent":0,"menu_order":0,"comment_status":"closed","ping_status":"closed","template":"template-parts\/template-full-width.php","meta":{"footnotes":""},"class_list":["post-74","page","type-page","status-publish","hentry"],"_links":{"self":[{"href":"https:\/\/www.mundolsheim-badminton.fr\/index.php?rest_route=\/wp\/v2\/pages\/74","targetHints":{"allow":["GET"]}}],"collection":[{"href":"https:\/\/www.mundolsheim-badminton.fr\/index.php?rest_route=\/wp\/v2\/pages"}],"about":[{"href":"https:\/\/www.mundolsheim-badminton.fr\/index.php?rest_route=\/wp\/v2\/types\/page"}],"author":[{"embeddable":true,"href":"https:\/\/www.mundolsheim-badminton.fr\/index.php?rest_route=\/wp\/v2\/users\/2"}],"replies":[{"embeddable":true,"href":"https:\/\/www.mundolsheim-badminton.fr\/index.php?rest_route=%2Fwp%2Fv2%2Fcomments&post=74"}],"version-history":[{"count":45,"href":"https:\/\/www.mundolsheim-badminton.fr\/index.php?rest_route=\/wp\/v2\/pages\/74\/revisions"}],"predecessor-version":[{"id":4465,"href":"https:\/\/www.mundolsheim-badminton.fr\/index.php?rest_route=\/wp\/v2\/pages\/74\/revisions\/4465"}],"wp:attachment":[{"href":"https:\/\/www.mundolsheim-badminton.fr\/index.php?rest_route=%2Fwp%2Fv2%2Fmedia&parent=74"}],"curies":[{"name":"wp","href":"https:\/\/api.w.org\/{rel}","templated":true}]}}