{"id":91,"date":"2024-08-23T00:54:41","date_gmt":"2024-08-22T22:54:41","guid":{"rendered":"http:\/\/test2.mundolsheim-badminton.fr\/?page_id=91"},"modified":"2025-08-09T00:45:27","modified_gmt":"2025-08-08T22:45:27","slug":"entrainements","status":"publish","type":"page","link":"https:\/\/www.mundolsheim-badminton.fr\/?page_id=91","title":{"rendered":"Entra\u00eenements"},"content":{"rendered":"\n<p>Le cr\u00e9neau est assur\u00e9 par Christophe Montoya (alias Krys Coach), entra\u00eeneur dipl\u00f4m\u00e9 d&rsquo;Etat (et ex-joueur N), membre du club depuis 25 ans, travaillant \u00e0 la Ligue du Grand Est de Badminton.<\/p>\n","protected":false},"excerpt":{"rendered":"<p>Le cr\u00e9neau est assur\u00e9 par Christophe Montoya (alias Krys Coach), entra\u00eeneur dipl\u00f4m\u00e9 d&rsquo;Etat (et ex-joueur N), membre du club depuis 25 ans, travaillant \u00e0 la Ligue du Grand Est de Badminton.<\/p>\n","protected":false},"author":2,"featured_media":0,"parent":0,"menu_order":0,"comment_status":"closed","ping_status":"closed","template":"template-parts\/template-full-width.php","meta":{"footnotes":""},"class_list":["post-91","page","type-page","status-publish","hentry"],"_links":{"self":[{"href":"https:\/\/www.mundolsheim-badminton.fr\/index.php?rest_route=\/wp\/v2\/pages\/91","targetHints":{"allow":["GET"]}}],"collection":[{"href":"https:\/\/www.mundolsheim-badminton.fr\/index.php?rest_route=\/wp\/v2\/pages"}],"about":[{"href":"https:\/\/www.mundolsheim-badminton.fr\/index.php?rest_route=\/wp\/v2\/types\/page"}],"author":[{"embeddable":true,"href":"https:\/\/www.mundolsheim-badminton.fr\/index.php?rest_route=\/wp\/v2\/users\/2"}],"replies":[{"embeddable":true,"href":"https:\/\/www.mundolsheim-badminton.fr\/index.php?rest_route=%2Fwp%2Fv2%2Fcomments&post=91"}],"version-history":[{"count":3,"href":"https:\/\/www.mundolsheim-badminton.fr\/index.php?rest_route=\/wp\/v2\/pages\/91\/revisions"}],"predecessor-version":[{"id":4205,"href":"https:\/\/www.mundolsheim-badminton.fr\/index.php?rest_route=\/wp\/v2\/pages\/91\/revisions\/4205"}],"wp:attachment":[{"href":"https:\/\/www.mundolsheim-badminton.fr\/index.php?rest_route=%2Fwp%2Fv2%2Fmedia&parent=91"}],"curies":[{"name":"wp","href":"https:\/\/api.w.org\/{rel}","templated":true}]}}